{"id":7004,"date":"2023-01-06T09:56:17","date_gmt":"2023-01-06T09:56:17","guid":{"rendered":"https:\/\/www.israk-turizm.com\/en-iyi-turist-firsatlari\/"},"modified":"2023-01-06T09:56:17","modified_gmt":"2023-01-06T09:56:17","slug":"en-iyi-turist-firsatlari","status":"publish","type":"page","link":"https:\/\/www.israk-turizm.com\/tr\/en-iyi-turist-firsatlari\/","title":{"rendered":"En \u0130yi Turist F\u0131rsatlar\u0131"},"content":{"rendered":"<p>[vc_row][vc_column][vc_column_text]<\/p>\n<p class=\"has-text-align-center has-medium-font-size\"><strong>Size<br>adresinde en iyi turistik tekliflerden olu\u015fan bir koleksiyon sunuyoruz<\/strong><\/p>\n\n\n<div class=\"wp-block-spacer\" style=\"height: 30px;\" aria-hidden=\"true\"> <\/div>\n\n\n<p class=\"has-text-align-center has-medium-font-size\"><strong>Havaalan\u0131 kar\u015f\u0131lama ve b\u0131rakma i\u00e7in s\u0131n\u0131rl\u0131 s\u00fcreli teklif<\/strong><\/p>\n\n\n<figure class=\"wp-block-gallery has-nested-images columns-default is-cropped wp-block-gallery-1 is-layout-flex wp-block-gallery-is-layout-flex\"><\/p>\n<figure class=\"wp-block-image size-large\"><img decoding=\"async\" data-id=\"2862\" class=\"wp-image-2862\" src=\"https:\/\/www.israk-turizm.com\/wp-content\/uploads\/2023\/01\/%D8%A7%D8%B3%D8%AA%D9%82%D8%A8%D8%A7%D9%84-%D9%88%D8%AA%D9%88%D8%AF%D9%8A%D8%B9-35-1024x1024.jpg\" alt=\"\"><\/figure>\n<p><\/figure>\n\n\n<div class=\"wp-block-spacer\" style=\"height: 30px;\" aria-hidden=\"true\"> <\/div>\n\n\n<div class=\"wp-block-spacer\" style=\"height: 30px;\" aria-hidden=\"true\"> <\/div>\n\n\n<div class=\"wp-block-jetpack-send-a-message\">\n<div class=\"wp-block-jetpack-whatsapp-button is-color-dark\"><a class=\"whatsapp-block__button\" style=\"background-color: #25d366; color: #fff;\" href=\"https:\/\/api.whatsapp.com\/send?phone=905446088500&amp;text=Hi%2C%20I%20got%20your%20WhatsApp%20information%20from%20your%20website.\" target=\"_self\" rel=\"noopener noreferrer\">WhatsApp&#8217;ta sohbet edin<\/a><\/div>\n<p><\/div>\n\n\n<div class=\"wp-block-spacer\" style=\"height: 30px;\" aria-hidden=\"true\"> <\/div>\n\n\n<div class=\"wp-block-jetpack-send-a-message\"><br><\/div>\n\n\n<div class=\"wp-block-spacer\" style=\"height: 30px;\" aria-hidden=\"true\"> <\/div>\n\n\n<p class=\"has-text-align-center has-medium-font-size\"><strong>En iyi f\u0131rsatlar<\/strong><\/p>\n\n\n<div class=\"wp-block-spacer\" style=\"height: 30px;\" aria-hidden=\"true\"> <\/div>\n\n\n<div class=\"wp-block-jetpack-slideshow aligncenter is-style-rectangular\" data-effect=\"slide\">\n<div class=\"wp-block-jetpack-slideshow_container swiper-container\">\n<ul class=\"wp-block-jetpack-slideshow_swiper-wrapper swiper-wrapper\">\n<li class=\"wp-block-jetpack-slideshow_slide swiper-slide\">\n<figure><img loading=\"lazy\" decoding=\"async\" width=\"1024\" height=\"1024\" class=\"wp-block-jetpack-slideshow_image wp-image-2738\" src=\"https:\/\/www.israk-turizm.com\/wp-content\/uploads\/2023\/01\/hotel-01-1024x1024.jpg\" alt=\"\" data-id=\"2738\" srcset=\"https:\/\/www.israk-turizm.com\/wp-content\/uploads\/2023\/01\/hotel-01-1024x1024.jpg 1024w, https:\/\/www.israk-turizm.com\/wp-content\/uploads\/2023\/01\/hotel-01-300x300.jpg 300w, https:\/\/www.israk-turizm.com\/wp-content\/uploads\/2023\/01\/hotel-01-768x768.jpg 768w, https:\/\/www.israk-turizm.com\/wp-content\/uploads\/2023\/01\/hotel-01-1536x1536.jpg 1536w, https:\/\/www.israk-turizm.com\/wp-content\/uploads\/2023\/01\/hotel-01-2048x2048.jpg 2048w, https:\/\/www.israk-turizm.com\/wp-content\/uploads\/2023\/01\/hotel-01-600x600.jpg 600w, https:\/\/www.israk-turizm.com\/wp-content\/uploads\/2023\/01\/hotel-01-100x100.jpg 100w\" sizes=\"auto, (max-width: 1024px) 100vw, 1024px\" \/><\/figure>\n<\/li>\n<li class=\"wp-block-jetpack-slideshow_slide swiper-slide\">\n<figure><img decoding=\"async\" class=\"wp-block-jetpack-slideshow_image wp-image-2736\" src=\"https:\/\/www.israk-turizm.com\/wp-content\/uploads\/2023\/01\/%D8%B9%D8%B1%D8%B6-%D8%B4%D8%AE%D8%B5%D9%8A%D9%86-%D8%A3%D9%88-%D8%AB%D9%84%D8%A7%D8%AB%D8%A9-01-1024x1024.jpg\" alt=\"\" data-id=\"2736\"><\/figure>\n<\/li>\n<li class=\"wp-block-jetpack-slideshow_slide swiper-slide\">\n<figure><img loading=\"lazy\" decoding=\"async\" width=\"1024\" height=\"1024\" class=\"wp-block-jetpack-slideshow_image wp-image-2734\" src=\"https:\/\/www.israk-turizm.com\/wp-content\/uploads\/2023\/01\/01-01-2-1024x1024.jpg\" alt=\"\" data-id=\"2734\" srcset=\"https:\/\/www.israk-turizm.com\/wp-content\/uploads\/2023\/01\/01-01-2-1024x1024.jpg 1024w, https:\/\/www.israk-turizm.com\/wp-content\/uploads\/2023\/01\/01-01-2-300x300.jpg 300w, https:\/\/www.israk-turizm.com\/wp-content\/uploads\/2023\/01\/01-01-2-768x768.jpg 768w, https:\/\/www.israk-turizm.com\/wp-content\/uploads\/2023\/01\/01-01-2-1536x1536.jpg 1536w, https:\/\/www.israk-turizm.com\/wp-content\/uploads\/2023\/01\/01-01-2-2048x2048.jpg 2048w, https:\/\/www.israk-turizm.com\/wp-content\/uploads\/2023\/01\/01-01-2-600x600.jpg 600w, https:\/\/www.israk-turizm.com\/wp-content\/uploads\/2023\/01\/01-01-2-100x100.jpg 100w\" sizes=\"auto, (max-width: 1024px) 100vw, 1024px\" \/><\/figure>\n<\/li>\n<\/ul>\n<p>&nbsp;<\/p>\n<div class=\"wp-block-jetpack-slideshow_pagination swiper-pagination swiper-pagination-white\"> <\/div>\n<\/div>\n<\/div>\n\n\n<div class=\"wp-block-spacer\" style=\"height: 30px;\" aria-hidden=\"true\"> <\/div>\n\n<p>&nbsp;<\/p>\n<p>[\/vc_column_text][\/vc_column][\/vc_row]<\/p>\n","protected":false},"excerpt":{"rendered":"<p>[vc_row][vc_column][vc_column_text] Sizeadresinde en iyi turistik tekliflerden olu\u015fan bir koleksiyon sunuyoruz Havaalan\u0131 kar\u015f\u0131lama ve b\u0131rakma i\u00e7in s\u0131n\u0131rl\u0131 s\u00fcreli teklif En iyi f\u0131rsatlar &nbsp; [\/vc_column_text][\/vc_column][\/vc_row]<\/p>\n","protected":false},"author":1,"featured_media":6264,"parent":0,"menu_order":0,"comment_status":"closed","ping_status":"closed","template":"","meta":{"footnotes":""},"class_list":["post-7004","page","type-page","status-publish","has-post-thumbnail","hentry"],"yoast_head":"<!-- This site is optimized with the Yoast SEO plugin v25.3.1 - https:\/\/yoast.com\/wordpress\/plugins\/seo\/ -->\n<title>En \u0130yi Turist F\u0131rsatlar\u0131 - IshrakTayba<\/title>\n<meta name=\"description\" content=\"Eshraq Taiba Turizm taraf\u0131ndan sunulan en iyi turizm tekliflerine adanm\u0131\u015f bir sayfa\" \/>\n<meta name=\"robots\" content=\"index, follow, max-snippet:-1, max-image-preview:large, max-video-preview:-1\" \/>\n<link rel=\"canonical\" href=\"https:\/\/www.israk-turizm.com\/tr\/en-iyi-turist-firsatlari\/\" \/>\n<meta property=\"og:locale\" content=\"tr_TR\" \/>\n<meta property=\"og:type\" content=\"article\" \/>\n<meta property=\"og:title\" content=\"En \u0130yi Turist F\u0131rsatlar\u0131 - IshrakTayba\" \/>\n<meta property=\"og:description\" content=\"Eshraq Taiba Turizm taraf\u0131ndan sunulan en iyi turizm tekliflerine adanm\u0131\u015f bir sayfa\" \/>\n<meta property=\"og:url\" content=\"https:\/\/www.israk-turizm.com\/tr\/en-iyi-turist-firsatlari\/\" \/>\n<meta property=\"og:site_name\" content=\"IshrakTayba\" \/>\n<meta property=\"og:image\" content=\"https:\/\/www.israk-turizm.com\/wp-content\/uploads\/2023\/01\/\u0627\u0644\u0639\u0631\u0648\u0636-01-scaled.jpg\" \/>\n\t<meta property=\"og:image:width\" content=\"2560\" \/>\n\t<meta property=\"og:image:height\" content=\"2560\" \/>\n\t<meta property=\"og:image:type\" content=\"image\/jpeg\" \/>\n<meta name=\"twitter:card\" content=\"summary_large_image\" \/>\n<script type=\"application\/ld+json\" class=\"yoast-schema-graph\">{\"@context\":\"https:\/\/schema.org\",\"@graph\":[{\"@type\":\"WebPage\",\"@id\":\"https:\/\/www.israk-turizm.com\/tr\/en-iyi-turist-firsatlari\/\",\"url\":\"https:\/\/www.israk-turizm.com\/tr\/en-iyi-turist-firsatlari\/\",\"name\":\"En \u0130yi Turist F\u0131rsatlar\u0131 - IshrakTayba\",\"isPartOf\":{\"@id\":\"https:\/\/www.israk-turizm.com\/#website\"},\"primaryImageOfPage\":{\"@id\":\"https:\/\/www.israk-turizm.com\/tr\/en-iyi-turist-firsatlari\/#primaryimage\"},\"image\":{\"@id\":\"https:\/\/www.israk-turizm.com\/tr\/en-iyi-turist-firsatlari\/#primaryimage\"},\"thumbnailUrl\":\"https:\/\/www.israk-turizm.com\/wp-content\/uploads\/2023\/01\/\u0627\u0644\u0639\u0631\u0648\u0636-01-scaled.jpg\",\"datePublished\":\"2023-01-06T09:56:17+00:00\",\"description\":\"Eshraq Taiba Turizm taraf\u0131ndan sunulan en iyi turizm tekliflerine adanm\u0131\u015f bir sayfa\",\"breadcrumb\":{\"@id\":\"https:\/\/www.israk-turizm.com\/tr\/en-iyi-turist-firsatlari\/#breadcrumb\"},\"inLanguage\":\"tr\",\"potentialAction\":[{\"@type\":\"ReadAction\",\"target\":[\"https:\/\/www.israk-turizm.com\/tr\/en-iyi-turist-firsatlari\/\"]}]},{\"@type\":\"ImageObject\",\"inLanguage\":\"tr\",\"@id\":\"https:\/\/www.israk-turizm.com\/tr\/en-iyi-turist-firsatlari\/#primaryimage\",\"url\":\"https:\/\/www.israk-turizm.com\/wp-content\/uploads\/2023\/01\/\u0627\u0644\u0639\u0631\u0648\u0636-01-scaled.jpg\",\"contentUrl\":\"https:\/\/www.israk-turizm.com\/wp-content\/uploads\/2023\/01\/\u0627\u0644\u0639\u0631\u0648\u0636-01-scaled.jpg\",\"width\":2560,\"height\":2560},{\"@type\":\"BreadcrumbList\",\"@id\":\"https:\/\/www.israk-turizm.com\/tr\/en-iyi-turist-firsatlari\/#breadcrumb\",\"itemListElement\":[{\"@type\":\"ListItem\",\"position\":1,\"name\":\"Home\",\"item\":\"https:\/\/www.israk-turizm.com\/\"},{\"@type\":\"ListItem\",\"position\":2,\"name\":\"En \u0130yi Turist F\u0131rsatlar\u0131\"}]},{\"@type\":\"WebSite\",\"@id\":\"https:\/\/www.israk-turizm.com\/#website\",\"url\":\"https:\/\/www.israk-turizm.com\/\",\"name\":\"IshrakTayba\",\"description\":\"Just another WordPress site\",\"publisher\":{\"@id\":\"https:\/\/www.israk-turizm.com\/#organization\"},\"potentialAction\":[{\"@type\":\"SearchAction\",\"target\":{\"@type\":\"EntryPoint\",\"urlTemplate\":\"https:\/\/www.israk-turizm.com\/?s={search_term_string}\"},\"query-input\":{\"@type\":\"PropertyValueSpecification\",\"valueRequired\":true,\"valueName\":\"search_term_string\"}}],\"inLanguage\":\"tr\"},{\"@type\":\"Organization\",\"@id\":\"https:\/\/www.israk-turizm.com\/#organization\",\"name\":\"IshrakTayba\",\"url\":\"https:\/\/www.israk-turizm.com\/\",\"logo\":{\"@type\":\"ImageObject\",\"inLanguage\":\"tr\",\"@id\":\"https:\/\/www.israk-turizm.com\/#\/schema\/logo\/image\/\",\"url\":\"https:\/\/www.israk-turizm.com\/wp-content\/uploads\/2022\/09\/cropped-rsz_logos-01.png\",\"contentUrl\":\"https:\/\/www.israk-turizm.com\/wp-content\/uploads\/2022\/09\/cropped-rsz_logos-01.png\",\"width\":220,\"height\":52,\"caption\":\"IshrakTayba\"},\"image\":{\"@id\":\"https:\/\/www.israk-turizm.com\/#\/schema\/logo\/image\/\"}}]}<\/script>\n<!-- \/ Yoast SEO plugin. -->","yoast_head_json":{"title":"En \u0130yi Turist F\u0131rsatlar\u0131 - IshrakTayba","description":"Eshraq Taiba Turizm taraf\u0131ndan sunulan en iyi turizm tekliflerine adanm\u0131\u015f bir sayfa","robots":{"index":"index","follow":"follow","max-snippet":"max-snippet:-1","max-image-preview":"max-image-preview:large","max-video-preview":"max-video-preview:-1"},"canonical":"https:\/\/www.israk-turizm.com\/tr\/en-iyi-turist-firsatlari\/","og_locale":"tr_TR","og_type":"article","og_title":"En \u0130yi Turist F\u0131rsatlar\u0131 - IshrakTayba","og_description":"Eshraq Taiba Turizm taraf\u0131ndan sunulan en iyi turizm tekliflerine adanm\u0131\u015f bir sayfa","og_url":"https:\/\/www.israk-turizm.com\/tr\/en-iyi-turist-firsatlari\/","og_site_name":"IshrakTayba","og_image":[{"width":2560,"height":2560,"url":"https:\/\/www.israk-turizm.com\/wp-content\/uploads\/2023\/01\/\u0627\u0644\u0639\u0631\u0648\u0636-01-scaled.jpg","type":"image\/jpeg"}],"twitter_card":"summary_large_image","schema":{"@context":"https:\/\/schema.org","@graph":[{"@type":"WebPage","@id":"https:\/\/www.israk-turizm.com\/tr\/en-iyi-turist-firsatlari\/","url":"https:\/\/www.israk-turizm.com\/tr\/en-iyi-turist-firsatlari\/","name":"En \u0130yi Turist F\u0131rsatlar\u0131 - IshrakTayba","isPartOf":{"@id":"https:\/\/www.israk-turizm.com\/#website"},"primaryImageOfPage":{"@id":"https:\/\/www.israk-turizm.com\/tr\/en-iyi-turist-firsatlari\/#primaryimage"},"image":{"@id":"https:\/\/www.israk-turizm.com\/tr\/en-iyi-turist-firsatlari\/#primaryimage"},"thumbnailUrl":"https:\/\/www.israk-turizm.com\/wp-content\/uploads\/2023\/01\/\u0627\u0644\u0639\u0631\u0648\u0636-01-scaled.jpg","datePublished":"2023-01-06T09:56:17+00:00","description":"Eshraq Taiba Turizm taraf\u0131ndan sunulan en iyi turizm tekliflerine adanm\u0131\u015f bir sayfa","breadcrumb":{"@id":"https:\/\/www.israk-turizm.com\/tr\/en-iyi-turist-firsatlari\/#breadcrumb"},"inLanguage":"tr","potentialAction":[{"@type":"ReadAction","target":["https:\/\/www.israk-turizm.com\/tr\/en-iyi-turist-firsatlari\/"]}]},{"@type":"ImageObject","inLanguage":"tr","@id":"https:\/\/www.israk-turizm.com\/tr\/en-iyi-turist-firsatlari\/#primaryimage","url":"https:\/\/www.israk-turizm.com\/wp-content\/uploads\/2023\/01\/\u0627\u0644\u0639\u0631\u0648\u0636-01-scaled.jpg","contentUrl":"https:\/\/www.israk-turizm.com\/wp-content\/uploads\/2023\/01\/\u0627\u0644\u0639\u0631\u0648\u0636-01-scaled.jpg","width":2560,"height":2560},{"@type":"BreadcrumbList","@id":"https:\/\/www.israk-turizm.com\/tr\/en-iyi-turist-firsatlari\/#breadcrumb","itemListElement":[{"@type":"ListItem","position":1,"name":"Home","item":"https:\/\/www.israk-turizm.com\/"},{"@type":"ListItem","position":2,"name":"En \u0130yi Turist F\u0131rsatlar\u0131"}]},{"@type":"WebSite","@id":"https:\/\/www.israk-turizm.com\/#website","url":"https:\/\/www.israk-turizm.com\/","name":"IshrakTayba","description":"Just another WordPress site","publisher":{"@id":"https:\/\/www.israk-turizm.com\/#organization"},"potentialAction":[{"@type":"SearchAction","target":{"@type":"EntryPoint","urlTemplate":"https:\/\/www.israk-turizm.com\/?s={search_term_string}"},"query-input":{"@type":"PropertyValueSpecification","valueRequired":true,"valueName":"search_term_string"}}],"inLanguage":"tr"},{"@type":"Organization","@id":"https:\/\/www.israk-turizm.com\/#organization","name":"IshrakTayba","url":"https:\/\/www.israk-turizm.com\/","logo":{"@type":"ImageObject","inLanguage":"tr","@id":"https:\/\/www.israk-turizm.com\/#\/schema\/logo\/image\/","url":"https:\/\/www.israk-turizm.com\/wp-content\/uploads\/2022\/09\/cropped-rsz_logos-01.png","contentUrl":"https:\/\/www.israk-turizm.com\/wp-content\/uploads\/2022\/09\/cropped-rsz_logos-01.png","width":220,"height":52,"caption":"IshrakTayba"},"image":{"@id":"https:\/\/www.israk-turizm.com\/#\/schema\/logo\/image\/"}}]}},"jetpack_sharing_enabled":true,"_links":{"self":[{"href":"https:\/\/www.israk-turizm.com\/tr\/wp-json\/wp\/v2\/pages\/7004","targetHints":{"allow":["GET"]}}],"collection":[{"href":"https:\/\/www.israk-turizm.com\/tr\/wp-json\/wp\/v2\/pages"}],"about":[{"href":"https:\/\/www.israk-turizm.com\/tr\/wp-json\/wp\/v2\/types\/page"}],"author":[{"embeddable":true,"href":"https:\/\/www.israk-turizm.com\/tr\/wp-json\/wp\/v2\/users\/1"}],"replies":[{"embeddable":true,"href":"https:\/\/www.israk-turizm.com\/tr\/wp-json\/wp\/v2\/comments?post=7004"}],"version-history":[{"count":0,"href":"https:\/\/www.israk-turizm.com\/tr\/wp-json\/wp\/v2\/pages\/7004\/revisions"}],"wp:featuredmedia":[{"embeddable":true,"href":"https:\/\/www.israk-turizm.com\/tr\/wp-json\/wp\/v2\/media\/6264"}],"wp:attachment":[{"href":"https:\/\/www.israk-turizm.com\/tr\/wp-json\/wp\/v2\/media?parent=7004"}],"curies":[{"name":"wp","href":"https:\/\/api.w.org\/{rel}","templated":true}]}}