{"id":7022,"date":"2022-06-19T01:48:09","date_gmt":"2022-06-19T01:48:09","guid":{"rendered":"https:\/\/www.israk-turizm.com\/saglik-turizmi\/"},"modified":"2025-06-28T21:11:48","modified_gmt":"2025-06-28T21:11:48","slug":"saglik-turizmi","status":"publish","type":"page","link":"https:\/\/www.israk-turizm.com\/tr\/saglik-turizmi\/","title":{"rendered":"T\u0131bbi turizm"},"content":{"rendered":"<p>[vc_row][vc_column][vc_empty_space][\/vc_column][\/vc_row][vc_row][vc_column][vc_single_image image=&#8221;964&#8243; img_size=&#8221;full&#8221; alignment=&#8221;center&#8221;][vc_separator][vc_custom_heading text=&#8221;Ishraq Taiba T\u0131bbi Turizm&#8221; font_container=&#8221;tag:h2|text_align:center&#8221;][vc_separator][vc_column_text]<\/p>\n<p style=\"text-align: center;\"><span style=\"font-weight: 400; font-size: 14pt;\">Medikal ve kozmetik turizm hizmetleri (sa\u00e7 ekimi &#8211; di\u015f tedavisi &#8211; Hollywood g\u00fcl\u00fc\u015f\u00fc &#8211; estetik cerrahi &#8211; obezite ve bariatrik cerrahi) konusunda uzmanla\u015fm\u0131\u015f bir firma<\/span><\/p>\n<p style=\"text-align: center;\"><span style=\"font-weight: 400; font-size: 14pt;\">Sa\u011fl\u0131k Bakanl\u0131\u011f\u0131&#8217;ndan lisansl\u0131 \u0130stanbul&#8217;un en b\u00fcy\u00fck kozmetik medikal grubuyla anla\u015fmas\u0131 bulunmaktad\u0131r.<\/span><\/p>\n<p style=\"text-align: center;\"><span style=\"font-weight: 400; font-size: 14pt;\">Birincil Sa\u011fl\u0131k Bak\u0131m\u0131 i\u00e7in Joint Commission International (JCL) taraf\u0131ndan akredite edilmi\u015ftir<\/span><\/p>\n<p>[\/vc_column_text][vc_empty_space][vc_column_text]<\/p>\n<p style=\"text-align: right;\"><span style=\"font-size: 14pt;\">T\u00fcrkiye, t\u0131bbi turizm alan\u0131nda d\u00fcnyan\u0131n en iyi \u00fclkelerinden biri olarak kabul ediliyor. ABD ve G\u00fcney Kore&#8217;den sonra t\u0131bbi turizmde k\u00fcresel listelerde zirveye yerle\u015fti ve son on y\u0131ld\u0131r t\u0131bbi ve turizm turistleri i\u00e7in en pop\u00fcler destinasyon oldu. T\u00fcrkiye kendi kendine yeten \u00fclkelerden biri haline geldik\u00e7e, t\u0131bbi sekt\u00f6r giderek daha fazla b\u00fcy\u00fcmeye ve geli\u015fmeye devam ediyor. Hem t\u0131bbi cihaz hem de malzeme \u00fcreticisi haline gelerek T\u00fcrkiye&#8217;nin t\u0131bbi alanda elde etti\u011fi ve elde etmeye devam etti\u011fi ba\u015far\u0131lara bir yenisini daha ekledi.    <\/span><\/p>\n<p>[\/vc_column_text][\/vc_column][\/vc_row][vc_row][vc_column][vc_separator][vc_custom_heading text=&#8221;Sa\u00e7 ekimi&#8221; font_container=&#8221;tag:h4|text_align:center&#8221;][vc_separator][vc_column_text]<\/p>\n<p style=\"text-align: right;\"><span style=\"font-size: 14pt;\">Bu alan sayesinde T\u00fcrkiye&#8217;deki medikal turizm oran\u0131 sadece birka\u00e7 y\u0131l i\u00e7inde katlanarak artm\u0131\u015ft\u0131r. Sa\u00e7 ekimi konusunda uzmanla\u015fm\u0131\u015f t\u0131bbi merkezler, ister kafa derisi ekimi, ister sakal ve b\u0131y\u0131k ekimi, ister ka\u015f ve kirpik ekimi olsun, her t\u00fcrl\u00fc sa\u00e7 ekimi operasyonunda %90&#8217;\u0131 a\u015fan bir ba\u015far\u0131 oran\u0131na ula\u015fmaktad\u0131r. Bunun nedeni, t\u0131bbi merkezlerin en son ekipman ve teknolojilerle donat\u0131lm\u0131\u015f olmas\u0131n\u0131n yan\u0131 s\u0131ra, kapsaml\u0131 deneyime sahip doktorlara g\u00fcvenilmesidir. Bug\u00fcn T\u00fcrkiye, sa\u00e7 ekimi konusunda uzmanla\u015fm\u0131\u015f \u00f6nde gelen merkezlerden biri haline gelmi\u015ftir.     <\/span><\/p>\n<p>[\/vc_column_text][\/vc_column][\/vc_row][vc_row][vc_column][vc_separator][vc_custom_heading text=&#8221;Di\u015f esteti\u011fi&#8221; font_container=&#8221;tag:h4|text_align:center&#8221;][vc_separator][vc_column_text]<\/p>\n<p style=\"text-align: right;\"><span style=\"font-size: 14pt;\">Bu t\u00fcr kozmetik cerrahi genellikle \u00e7e\u015fitli di\u015f sorunlar\u0131 ya\u015fayanlar taraf\u0131ndan tercih edilir, ancak T\u00fcrkiye&#8217;deki en pop\u00fcler prosed\u00fcrler di\u015f implantlar\u0131 ve Hollywood g\u00fcl\u00fcmsemesidir. \u00c7o\u011fu Arap \u00fcnl\u00fcn\u00fcn ve sanat\u00e7\u0131n\u0131n T\u00fcrk t\u0131p merkezlerinde bu t\u00fcr prosed\u00fcrlerden ge\u00e7ti\u011fini belirtmekte fayda var.   <\/span><\/p>\n<p>[\/vc_column_text][\/vc_column][\/vc_row][vc_row][vc_column][vc_separator][vc_custom_heading text=&#8221;Hollywood g\u00fcl\u00fcmsemesi&#8221; font_container=&#8221;tag:h4|text_align:center&#8221;][vc_separator][vc_column_text]<\/p>\n<p style=\"text-align: right;\"><span style=\"font-size: 14pt;\">Hollywood g\u00fcl\u00fcmsemesi, ad\u0131n\u0131 g\u00f6z kama\u015ft\u0131r\u0131c\u0131 beyaz ve kusursuz g\u00fcl\u00fcmsemeleriyle tan\u0131nan Hollywood y\u0131ld\u0131zlar\u0131ndan ve \u00fcnl\u00fclerden al\u0131r. Farkl\u0131 bir g\u00fcl\u00fcmseme ve m\u00fckemmel \u015fekilli di\u015fler isteyen ki\u015filer aras\u0131nda favori haline gelmi\u015ftir.<\/span><\/p>\n<p style=\"text-align: right;\"><span style=\"font-size: 14pt;\">Hollywood g\u00fcl\u00fc\u015f\u00fc, di\u015f hekimlerinin zirkonyum, e-max veya seramik gibi di\u015f kronlar\u0131 kullanarak di\u015fleri yeniden \u015fekillendirmek ve renklendirmek i\u00e7in kulland\u0131\u011f\u0131 \u00e7e\u015fitli y\u00f6ntemler kullan\u0131larak olu\u015fturulur.<\/span><\/p>\n<p style=\"text-align: right;\"><span style=\"font-size: 14pt;\">Ki\u015finin di\u015f implant\u0131, di\u015f eti tedavisi veya benzeri ek \u015feylere ihtiyac\u0131 olmad\u0131\u011f\u0131 varsay\u0131ld\u0131\u011f\u0131nda, genellikle ortalama 7 ila 10 g\u00fcn s\u00fcrer. Bu tedaviler tedavinin s\u00fcresini ve ayr\u0131nt\u0131lar\u0131n\u0131 art\u0131r\u0131r.<\/span><\/p>\n<p>[\/vc_column_text][\/vc_column][\/vc_row][vc_row][vc_column][vc_separator][vc_custom_heading text=&#8221;estetik cerrahi&#8221; font_container=&#8221;tag:h4|text_align:center&#8221;][vc_separator][vc_column_text]<\/p>\n<div dir=\"auto\" style=\"text-align: right;\"><span style=\"font-size: 14pt;\">\u00c7ekicilik ve g\u00fczellik y\u00fczde ba\u015flar, bu nedenle her insan en g\u00fczel y\u00fcze ve en fit v\u00fccuda sahip olmak ister, \u00f6zellikle de g\u00f6zlerinin, burnunun ve dudaklar\u0131n\u0131n birbiriyle uyumlu olmas\u0131n\u0131 isteyenler.<\/span><\/div>\n<div dir=\"auto\" style=\"text-align: right;\"><span style=\"font-size: 14pt;\">Bu nedenle burun esteti\u011fi g\u00fcn\u00fcm\u00fczde en \u00e7ok tercih edilen estetik ameliyatlar\u0131n ba\u015f\u0131nda gelmektedir.<\/span><\/div>\n<div dir=\"auto\" style=\"text-align: right;\"><span style=\"font-size: 14pt;\">Rinoplasti, t\u0131pta burun ameliyat\u0131 olarak da bilinir, burnu yeniden \u015fekillendirmek i\u00e7in yap\u0131lan bir i\u015flemdir. Bu i\u015flem, burnu k\u00fc\u00e7\u00fcltmek veya b\u00fcy\u00fctmek, burun ucunu kald\u0131rmak, e\u011fri burun kemi\u011fini d\u00fczeltmek ve daha fazlas\u0131 i\u00e7in kullan\u0131labilir.  <\/span><\/div>\n<p>[\/vc_column_text][\/vc_column][\/vc_row][vc_row][vc_column][vc_separator][vc_custom_heading text=&#8221;V\u00fccut g\u00fczelle\u015ftirme&#8221; font_container=&#8221;tag:h4|text_align:center&#8221;][vc_separator][vc_column_text]<\/p>\n<p style=\"text-align: right;\"><span style=\"font-size: 14pt;\">T\u00fcrkiye&#8217;de v\u00fccut esteti\u011fi ameliyatlar\u0131n\u0131n listesi olduk\u00e7a uzundur ve \u015fu \u015fekilde s\u0131n\u0131fland\u0131r\u0131l\u0131r: <\/span><\/p>\n<p style=\"text-align: right;\"><span style=\"font-size: 14pt;\">B\u00f6l\u00fcm Bir: Sarkmay\u0131 s\u0131k\u0131la\u015ft\u0131rma ve sel\u00fclit giderme. Bu, kilo kayb\u0131 veya ya\u015flanma sonucu sarkm\u0131\u015f deriye sahip olanlar, \u00f6rne\u011fin sarkm\u0131\u015f kollar, kal\u00e7alar ve uyluklar veya kar\u0131n ve alt s\u0131rttaki ya\u011flar\u0131 eritmek ve kal\u00e7alar\u0131 ve uyluklar\u0131 kald\u0131rmak i\u00e7in kullan\u0131l\u0131r.    <\/span><\/p>\n<p style=\"text-align: right;\"><span style=\"font-size: 14pt;\">\u0130kinci b\u00f6l\u00fcm: Meme b\u00fcy\u00fctme, k\u00fc\u00e7\u00fcltme ve estetik cerrahi. Bu, T\u00fcrkiye&#8217;deki en iyi plastik cerrahlar taraf\u0131ndan yap\u0131lan hassas bir cerrahi t\u00fcr\u00fcd\u00fcr, \u00e7\u00fcnk\u00fc herhangi bir hata tekrar emzirmeyi imkans\u0131z hale getirebilir.   <\/span><\/p>\n<p style=\"text-align: right;\"><span style=\"font-size: 14pt;\">\u00dc\u00e7\u00fcnc\u00fc kategori: Mide k\u00fc\u00e7\u00fcltme veya mide baypas ameliyatlar\u0131, kilo vermek isteyenler ve normal v\u00fccut k\u00fctlesinin birka\u00e7 kat\u0131n\u0131 a\u015fan \u00f6nemli miktarda fazla kilodan muzdarip olanlar taraf\u0131ndan tercih edilir. Bu t\u00fcr v\u00fccut \u015fekillendirme ameliyat\u0131, Arap d\u00fcnyas\u0131ndan gelen turistler i\u00e7in en \u00e7ekici olan\u0131d\u0131r, \u00e7\u00fcnk\u00fc T\u00fcrk merkezleri bu alanda en deneyimli olanlard\u0131r ve m\u00fc\u015fteriler i\u00e7in b\u00fcy\u00fck bir g\u00fcven kayna\u011f\u0131d\u0131r.     <\/span><\/p>\n<p>[\/vc_column_text][vc_empty_space height=&#8221;20px&#8221;][\/vc_column][\/vc_row][vc_row][vc_column][vc_empty_space height=&#8221;50px&#8221;][vc_column_text]<\/p>\n<p style=\"text-align: center;\"><strong><span style=\"font-size: 14pt;\">Sizin i\u00e7in \u00f6nemli olan herhangi bir detay\u0131 sormak i\u00e7in bizimle ileti\u015fime ge\u00e7mekten \u00e7ekinmeyin.<\/span><\/strong><\/p>\n<p>[\/vc_column_text][\/vc_column][\/vc_row][vc_row][vc_column width=&#8221;1\/4&#8243;][\/vc_column][vc_column width=&#8221;1\/2&#8243;][vc_row_inner][vc_column_inner width=&#8221;1\/4&#8243;][vc_icon icon_fontawesome=&#8221;fab fa-whatsapp&#8221; color=&#8221;green&#8221; size=&#8221;lg&#8221; align=&#8221;center&#8221; link=&#8221;url:https%3A%2F%2Fwa.me%2F905446088500|target:_blank&#8221;][\/vc_column_inner][vc_column_inner width=&#8221;1\/4&#8243;][vc_icon icon_fontawesome=&#8221;fab fa-facebook-square&#8221; size=&#8221;lg&#8221; align=&#8221;center&#8221; link=&#8221;url:https%3A%2F%2Fwww.facebook.com%2F%25C4%25B0%25C5%259Frak-Tayba-Estetik-111795578194604|target:_blank&#8221;][\/vc_column_inner][vc_column_inner width=&#8221;1\/4&#8243;][vc_icon icon_fontawesome=&#8221;fab fa-instagram&#8221; color=&#8221;sandy_brown&#8221; size=&#8221;lg&#8221; align=&#8221;center&#8221; link=&#8221;url:https%3A%2F%2Fwww.instagram.com%2Fisrak_estetik%2F|target:_blank&#8221;][\/vc_column_inner][vc_column_inner width=&#8221;1\/4&#8243;][vc_icon icon_fontawesome=&#8221;fas fa-map-marker-alt&#8221; color=&#8221;custom&#8221; size=&#8221;lg&#8221; align=&#8221;center&#8221; custom_color=&#8221;#ff0000&#8243; link=&#8221;url:https%3A%2F%2Fgoo.gl%2Fmaps%2FWqBf7JxMjheJr1va9|target:_blank&#8221;][\/vc_column_inner][\/vc_row_inner][\/vc_column][vc_column width=&#8221;1\/4&#8243;][\/vc_column][\/vc_row]<\/p>\n","protected":false},"excerpt":{"rendered":"<p>[vc_row][vc_column][vc_empty_space][\/vc_column][\/vc_row][vc_row][vc_column][vc_single_image image=&#8221;964&#8243; img_size=&#8221;full&#8221; alignment=&#8221;center&#8221;][vc_separator][vc_custom_heading text=&#8221;Ishraq Taiba T\u0131bbi Turizm&#8221; font_container=&#8221;tag:h2|text_align:center&#8221;][vc_separator][vc_column_text] Medikal ve kozmetik turizm hizmetleri (sa\u00e7 ekimi &#8211; di\u015f tedavisi &#8211; Hollywood g\u00fcl\u00fc\u015f\u00fc &#8211; estetik cerrahi &#8211; obezite ve bariatrik cerrahi) konusunda uzmanla\u015fm\u0131\u015f bir firma Sa\u011fl\u0131k Bakanl\u0131\u011f\u0131&#8217;ndan lisansl\u0131 \u0130stanbul&#8217;un en b\u00fcy\u00fck kozmetik medikal grubuyla anla\u015fmas\u0131 bulunmaktad\u0131r. Birincil Sa\u011fl\u0131k Bak\u0131m\u0131 i\u00e7in Joint Commission International (JCL) taraf\u0131ndan akredite [&hellip;]<\/p>\n","protected":false},"author":2,"featured_media":5775,"parent":0,"menu_order":0,"comment_status":"closed","ping_status":"closed","template":"","meta":{"footnotes":""},"class_list":["post-7022","page","type-page","status-publish","has-post-thumbnail","hentry"],"yoast_head":"<!-- This site is optimized with the Yoast SEO plugin v25.3.1 - https:\/\/yoast.com\/wordpress\/plugins\/seo\/ -->\n<title>T\u0131bbi turizm - IshrakTayba<\/title>\n<meta name=\"robots\" content=\"index, follow, max-snippet:-1, max-image-preview:large, max-video-preview:-1\" \/>\n<link rel=\"canonical\" href=\"https:\/\/www.israk-turizm.com\/tr\/saglik-turizmi\/\" \/>\n<meta property=\"og:locale\" content=\"tr_TR\" \/>\n<meta property=\"og:type\" content=\"article\" \/>\n<meta property=\"og:title\" content=\"T\u0131bbi turizm - IshrakTayba\" \/>\n<meta property=\"og:description\" content=\"[vc_row][vc_column][vc_empty_space][\/vc_column][\/vc_row][vc_row][vc_column][vc_single_image image=&#8221;964&#8243; img_size=&#8221;full&#8221; alignment=&#8221;center&#8221;][vc_separator][vc_custom_heading text=&#8221;Ishraq Taiba T\u0131bbi Turizm&#8221; font_container=&#8221;tag:h2|text_align:center&#8221;][vc_separator][vc_column_text] Medikal ve kozmetik turizm hizmetleri (sa\u00e7 ekimi &#8211; di\u015f tedavisi &#8211; Hollywood g\u00fcl\u00fc\u015f\u00fc &#8211; estetik cerrahi &#8211; obezite ve bariatrik cerrahi) konusunda uzmanla\u015fm\u0131\u015f bir firma Sa\u011fl\u0131k Bakanl\u0131\u011f\u0131&#8217;ndan lisansl\u0131 \u0130stanbul&#8217;un en b\u00fcy\u00fck kozmetik medikal grubuyla anla\u015fmas\u0131 bulunmaktad\u0131r. Birincil Sa\u011fl\u0131k Bak\u0131m\u0131 i\u00e7in Joint Commission International (JCL) taraf\u0131ndan akredite [&hellip;]\" \/>\n<meta property=\"og:url\" content=\"https:\/\/www.israk-turizm.com\/tr\/saglik-turizmi\/\" \/>\n<meta property=\"og:site_name\" content=\"IshrakTayba\" \/>\n<meta property=\"article:modified_time\" content=\"2025-06-28T21:11:48+00:00\" \/>\n<meta property=\"og:image\" content=\"https:\/\/www.israk-turizm.com\/wp-content\/uploads\/2022\/06\/medical.jpg\" \/>\n\t<meta property=\"og:image:width\" content=\"960\" \/>\n\t<meta property=\"og:image:height\" content=\"541\" \/>\n\t<meta property=\"og:image:type\" content=\"image\/jpeg\" \/>\n<meta name=\"twitter:card\" content=\"summary_large_image\" \/>\n<meta name=\"twitter:label1\" content=\"Tahmini okuma s\u00fcresi\" \/>\n\t<meta name=\"twitter:data1\" content=\"6 dakika\" \/>\n<script type=\"application\/ld+json\" class=\"yoast-schema-graph\">{\"@context\":\"https:\/\/schema.org\",\"@graph\":[{\"@type\":\"WebPage\",\"@id\":\"https:\/\/www.israk-turizm.com\/tr\/saglik-turizmi\/\",\"url\":\"https:\/\/www.israk-turizm.com\/tr\/saglik-turizmi\/\",\"name\":\"T\u0131bbi turizm - IshrakTayba\",\"isPartOf\":{\"@id\":\"https:\/\/www.israk-turizm.com\/#website\"},\"primaryImageOfPage\":{\"@id\":\"https:\/\/www.israk-turizm.com\/tr\/saglik-turizmi\/#primaryimage\"},\"image\":{\"@id\":\"https:\/\/www.israk-turizm.com\/tr\/saglik-turizmi\/#primaryimage\"},\"thumbnailUrl\":\"https:\/\/www.israk-turizm.com\/wp-content\/uploads\/2022\/06\/medical.jpg\",\"datePublished\":\"2022-06-19T01:48:09+00:00\",\"dateModified\":\"2025-06-28T21:11:48+00:00\",\"breadcrumb\":{\"@id\":\"https:\/\/www.israk-turizm.com\/tr\/saglik-turizmi\/#breadcrumb\"},\"inLanguage\":\"tr\",\"potentialAction\":[{\"@type\":\"ReadAction\",\"target\":[\"https:\/\/www.israk-turizm.com\/tr\/saglik-turizmi\/\"]}]},{\"@type\":\"ImageObject\",\"inLanguage\":\"tr\",\"@id\":\"https:\/\/www.israk-turizm.com\/tr\/saglik-turizmi\/#primaryimage\",\"url\":\"https:\/\/www.israk-turizm.com\/wp-content\/uploads\/2022\/06\/medical.jpg\",\"contentUrl\":\"https:\/\/www.israk-turizm.com\/wp-content\/uploads\/2022\/06\/medical.jpg\",\"width\":960,\"height\":541},{\"@type\":\"BreadcrumbList\",\"@id\":\"https:\/\/www.israk-turizm.com\/tr\/saglik-turizmi\/#breadcrumb\",\"itemListElement\":[{\"@type\":\"ListItem\",\"position\":1,\"name\":\"Home\",\"item\":\"https:\/\/www.israk-turizm.com\/\"},{\"@type\":\"ListItem\",\"position\":2,\"name\":\"T\u0131bbi turizm\"}]},{\"@type\":\"WebSite\",\"@id\":\"https:\/\/www.israk-turizm.com\/#website\",\"url\":\"https:\/\/www.israk-turizm.com\/\",\"name\":\"IshrakTayba\",\"description\":\"Just another WordPress site\",\"publisher\":{\"@id\":\"https:\/\/www.israk-turizm.com\/#organization\"},\"potentialAction\":[{\"@type\":\"SearchAction\",\"target\":{\"@type\":\"EntryPoint\",\"urlTemplate\":\"https:\/\/www.israk-turizm.com\/?s={search_term_string}\"},\"query-input\":{\"@type\":\"PropertyValueSpecification\",\"valueRequired\":true,\"valueName\":\"search_term_string\"}}],\"inLanguage\":\"tr\"},{\"@type\":\"Organization\",\"@id\":\"https:\/\/www.israk-turizm.com\/#organization\",\"name\":\"IshrakTayba\",\"url\":\"https:\/\/www.israk-turizm.com\/\",\"logo\":{\"@type\":\"ImageObject\",\"inLanguage\":\"tr\",\"@id\":\"https:\/\/www.israk-turizm.com\/#\/schema\/logo\/image\/\",\"url\":\"https:\/\/www.israk-turizm.com\/wp-content\/uploads\/2022\/09\/cropped-rsz_logos-01.png\",\"contentUrl\":\"https:\/\/www.israk-turizm.com\/wp-content\/uploads\/2022\/09\/cropped-rsz_logos-01.png\",\"width\":220,\"height\":52,\"caption\":\"IshrakTayba\"},\"image\":{\"@id\":\"https:\/\/www.israk-turizm.com\/#\/schema\/logo\/image\/\"}}]}<\/script>\n<!-- \/ Yoast SEO plugin. -->","yoast_head_json":{"title":"T\u0131bbi turizm - IshrakTayba","robots":{"index":"index","follow":"follow","max-snippet":"max-snippet:-1","max-image-preview":"max-image-preview:large","max-video-preview":"max-video-preview:-1"},"canonical":"https:\/\/www.israk-turizm.com\/tr\/saglik-turizmi\/","og_locale":"tr_TR","og_type":"article","og_title":"T\u0131bbi turizm - IshrakTayba","og_description":"[vc_row][vc_column][vc_empty_space][\/vc_column][\/vc_row][vc_row][vc_column][vc_single_image image=&#8221;964&#8243; img_size=&#8221;full&#8221; alignment=&#8221;center&#8221;][vc_separator][vc_custom_heading text=&#8221;Ishraq Taiba T\u0131bbi Turizm&#8221; font_container=&#8221;tag:h2|text_align:center&#8221;][vc_separator][vc_column_text] Medikal ve kozmetik turizm hizmetleri (sa\u00e7 ekimi &#8211; di\u015f tedavisi &#8211; Hollywood g\u00fcl\u00fc\u015f\u00fc &#8211; estetik cerrahi &#8211; obezite ve bariatrik cerrahi) konusunda uzmanla\u015fm\u0131\u015f bir firma Sa\u011fl\u0131k Bakanl\u0131\u011f\u0131&#8217;ndan lisansl\u0131 \u0130stanbul&#8217;un en b\u00fcy\u00fck kozmetik medikal grubuyla anla\u015fmas\u0131 bulunmaktad\u0131r. Birincil Sa\u011fl\u0131k Bak\u0131m\u0131 i\u00e7in Joint Commission International (JCL) taraf\u0131ndan akredite [&hellip;]","og_url":"https:\/\/www.israk-turizm.com\/tr\/saglik-turizmi\/","og_site_name":"IshrakTayba","article_modified_time":"2025-06-28T21:11:48+00:00","og_image":[{"width":960,"height":541,"url":"https:\/\/www.israk-turizm.com\/wp-content\/uploads\/2022\/06\/medical.jpg","type":"image\/jpeg"}],"twitter_card":"summary_large_image","twitter_misc":{"Tahmini okuma s\u00fcresi":"6 dakika"},"schema":{"@context":"https:\/\/schema.org","@graph":[{"@type":"WebPage","@id":"https:\/\/www.israk-turizm.com\/tr\/saglik-turizmi\/","url":"https:\/\/www.israk-turizm.com\/tr\/saglik-turizmi\/","name":"T\u0131bbi turizm - IshrakTayba","isPartOf":{"@id":"https:\/\/www.israk-turizm.com\/#website"},"primaryImageOfPage":{"@id":"https:\/\/www.israk-turizm.com\/tr\/saglik-turizmi\/#primaryimage"},"image":{"@id":"https:\/\/www.israk-turizm.com\/tr\/saglik-turizmi\/#primaryimage"},"thumbnailUrl":"https:\/\/www.israk-turizm.com\/wp-content\/uploads\/2022\/06\/medical.jpg","datePublished":"2022-06-19T01:48:09+00:00","dateModified":"2025-06-28T21:11:48+00:00","breadcrumb":{"@id":"https:\/\/www.israk-turizm.com\/tr\/saglik-turizmi\/#breadcrumb"},"inLanguage":"tr","potentialAction":[{"@type":"ReadAction","target":["https:\/\/www.israk-turizm.com\/tr\/saglik-turizmi\/"]}]},{"@type":"ImageObject","inLanguage":"tr","@id":"https:\/\/www.israk-turizm.com\/tr\/saglik-turizmi\/#primaryimage","url":"https:\/\/www.israk-turizm.com\/wp-content\/uploads\/2022\/06\/medical.jpg","contentUrl":"https:\/\/www.israk-turizm.com\/wp-content\/uploads\/2022\/06\/medical.jpg","width":960,"height":541},{"@type":"BreadcrumbList","@id":"https:\/\/www.israk-turizm.com\/tr\/saglik-turizmi\/#breadcrumb","itemListElement":[{"@type":"ListItem","position":1,"name":"Home","item":"https:\/\/www.israk-turizm.com\/"},{"@type":"ListItem","position":2,"name":"T\u0131bbi turizm"}]},{"@type":"WebSite","@id":"https:\/\/www.israk-turizm.com\/#website","url":"https:\/\/www.israk-turizm.com\/","name":"IshrakTayba","description":"Just another WordPress site","publisher":{"@id":"https:\/\/www.israk-turizm.com\/#organization"},"potentialAction":[{"@type":"SearchAction","target":{"@type":"EntryPoint","urlTemplate":"https:\/\/www.israk-turizm.com\/?s={search_term_string}"},"query-input":{"@type":"PropertyValueSpecification","valueRequired":true,"valueName":"search_term_string"}}],"inLanguage":"tr"},{"@type":"Organization","@id":"https:\/\/www.israk-turizm.com\/#organization","name":"IshrakTayba","url":"https:\/\/www.israk-turizm.com\/","logo":{"@type":"ImageObject","inLanguage":"tr","@id":"https:\/\/www.israk-turizm.com\/#\/schema\/logo\/image\/","url":"https:\/\/www.israk-turizm.com\/wp-content\/uploads\/2022\/09\/cropped-rsz_logos-01.png","contentUrl":"https:\/\/www.israk-turizm.com\/wp-content\/uploads\/2022\/09\/cropped-rsz_logos-01.png","width":220,"height":52,"caption":"IshrakTayba"},"image":{"@id":"https:\/\/www.israk-turizm.com\/#\/schema\/logo\/image\/"}}]}},"jetpack_sharing_enabled":true,"_links":{"self":[{"href":"https:\/\/www.israk-turizm.com\/tr\/wp-json\/wp\/v2\/pages\/7022","targetHints":{"allow":["GET"]}}],"collection":[{"href":"https:\/\/www.israk-turizm.com\/tr\/wp-json\/wp\/v2\/pages"}],"about":[{"href":"https:\/\/www.israk-turizm.com\/tr\/wp-json\/wp\/v2\/types\/page"}],"author":[{"embeddable":true,"href":"https:\/\/www.israk-turizm.com\/tr\/wp-json\/wp\/v2\/users\/2"}],"replies":[{"embeddable":true,"href":"https:\/\/www.israk-turizm.com\/tr\/wp-json\/wp\/v2\/comments?post=7022"}],"version-history":[{"count":2,"href":"https:\/\/www.israk-turizm.com\/tr\/wp-json\/wp\/v2\/pages\/7022\/revisions"}],"predecessor-version":[{"id":7629,"href":"https:\/\/www.israk-turizm.com\/tr\/wp-json\/wp\/v2\/pages\/7022\/revisions\/7629"}],"wp:featuredmedia":[{"embeddable":true,"href":"https:\/\/www.israk-turizm.com\/tr\/wp-json\/wp\/v2\/media\/5775"}],"wp:attachment":[{"href":"https:\/\/www.israk-turizm.com\/tr\/wp-json\/wp\/v2\/media?parent=7022"}],"curies":[{"name":"wp","href":"https:\/\/api.w.org\/{rel}","templated":true}]}}