{"id":7029,"date":"2022-06-19T19:07:40","date_gmt":"2022-06-19T19:07:40","guid":{"rendered":"https:\/\/www.israk-turizm.com\/araba-satmak\/"},"modified":"2022-06-19T19:07:40","modified_gmt":"2022-06-19T19:07:40","slug":"araba-satmak","status":"publish","type":"page","link":"https:\/\/www.israk-turizm.com\/tr\/araba-satmak\/","title":{"rendered":"Araba satmak"},"content":{"rendered":"<p>[vc_row][vc_column][vc_empty_space][\/vc_column][\/vc_row][vc_row][vc_column][vc_single_image image=&#8221;5707&#8243; img_size=&#8221;full&#8221; alignment=&#8221;center&#8221; css=&#8221;.vc_custom_1739550186234{background-color: #ebebeb !important;}&#8221;][vc_separator][vc_custom_heading text=&#8221;Adnan Grubb&#8221; font_container=&#8221;tag:h2|text_align:center&#8221;][vc_separator][vc_empty_space][vc_column_text]<\/p>\n<p style=\"text-align: center;\"><span style=\"font-weight: 400; font-size: 14pt;\">Arap y\u00f6netimli T\u00fcrk \u015firketi. <\/span><span style=\"font-weight: 400; font-size: 14pt;\">ikinci el araba sat\u0131\u015f\u0131nda uzmanla\u015fm\u0131\u015ft\u0131r. <\/span><span style=\"font-size: 14pt;\"><span style=\"font-weight: 400;\">\u0130stanbul merkezli<\/span><\/span><\/p>\n<p style=\"text-align: center;\"><span style=\"font-size: 14pt;\"><span style=\"font-weight: 400;\">Ba\u011fc\u0131lar &#8211; Oto Center &#8211; Blok<\/span><\/span><\/p>\n<p>&nbsp;<\/p>\n<p style=\"text-align: center;\"><strong><span style=\"font-size: 14pt;\">M\u00fc\u015fterilerinin g\u00fcvenini kazanmay\u0131 hedefliyor<\/span><\/strong><\/p>\n<p style=\"text-align: center;\"><strong><span style=\"font-size: 14pt;\">Rekabet\u00e7i fiyatlarla en iyi hizmetleri sunarak<\/span><\/strong><\/p>\n<p>[\/vc_column_text][vc_empty_space][\/vc_column][\/vc_row][vc_row][vc_column][vc_column_text]<\/p>\n<div class=\"vc_row wpb_row vc_row-fluid\">\n<div class=\"wpb_column vc_column_container vc_col-sm-12\">\n<div class=\"vc_column-inner\">\n<div class=\"wpb_wrapper\">\n<div class=\"wpb_text_column wpb_content_element \">\n<div class=\"wpb_wrapper\">\n<p style=\"text-align: center;\"><span style=\"font-size: 14pt;\">\u0130kinci el arac\u0131n\u0131z\u0131 satmak ve en iyi fiyat\u0131 almak istiyorsan\u0131z, bu i\u015fi sizin i\u00e7in yapmaya haz\u0131r\u0131z.<\/span><\/p>\n<p style=\"text-align: center;\"><span style=\"font-size: 14pt;\">E\u011fer bir otomobil bayisiyseniz, yeni otomobil al\u0131m sat\u0131m\u0131nda sizinle \u00e7al\u0131\u015fmaktan mutluluk duyar\u0131z.<\/span><\/p>\n<\/div>\n<\/div>\n<\/div>\n<\/div>\n<\/div>\n<\/div>\n<p>[\/vc_column_text][\/vc_column][\/vc_row][vc_row][vc_column][vc_empty_space height=&#8221;20px&#8221;][vc_separator][vc_column_text]<\/p>\n<div class=\"vc_row wpb_row vc_row-fluid\">\n<div class=\"wpb_column vc_column_container vc_col-sm-12\">\n<div class=\"vc_column-inner\">\n<div class=\"wpb_wrapper\">\n<div class=\"wpb_text_column wpb_content_element \">\n<div class=\"wpb_wrapper\">\n<p style=\"text-align: center;\"><span style=\"font-size: 18pt;\"><strong>Yeni ve kullan\u0131lm\u0131\u015f ara\u00e7 al\u0131m sat\u0131m\u0131<\/strong><\/span><\/p>\n<\/div>\n<\/div>\n<\/div>\n<\/div>\n<\/div>\n<\/div>\n<p>[\/vc_column_text][vc_separator][vc_column_text]<\/p>\n<div class=\"vc_row wpb_row vc_row-fluid\">\n<div class=\"wpb_column vc_column_container vc_col-sm-12\">\n<div class=\"vc_column-inner\">\n<div class=\"wpb_wrapper\">\n<div class=\"wpb_text_column wpb_content_element \">\n<div class=\"wpb_wrapper\">\n<p style=\"text-align: center;\"><span style=\"font-size: 14pt;\">Modern \u00f6zelliklere sahip yeni veya kullan\u0131lm\u0131\u015f bir araba sat\u0131n almak istiyorsan\u0131z, Oscar Group size modern arabalarda en iyi f\u0131rsatlar\u0131 sunar. <\/span><\/p>\n<p style=\"text-align: center;\"><span style=\"font-size: 14pt;\">\u0130kinci el bir araba ar\u0131yorsan\u0131z, her zevke uygun geni\u015f bir garantili ikinci el araba yelpazesine sahibiz.<\/span><\/p>\n<\/div>\n<\/div>\n<\/div>\n<\/div>\n<\/div>\n<\/div>\n<p>[\/vc_column_text][\/vc_column][\/vc_row][vc_row][vc_column][vc_empty_space height=&#8221;20px&#8221;][vc_separator][vc_column_text]<\/p>\n<div class=\"vc_row wpb_row vc_row-fluid\">\n<div class=\"wpb_column vc_column_container vc_col-sm-12\">\n<div class=\"vc_column-inner\">\n<div class=\"wpb_wrapper\">\n<div class=\"wpb_text_column wpb_content_element \">\n<div class=\"wpb_wrapper\">\n<p style=\"text-align: center;\"><span style=\"font-size: 18pt;\"><strong>Uzmanl\u0131k ve profesyonel tavsiye sa\u011flanmas\u0131<\/strong><\/span><\/p>\n<\/div>\n<\/div>\n<\/div>\n<\/div>\n<\/div>\n<\/div>\n<p>[\/vc_column_text][vc_separator][vc_column_text]<\/p>\n<div class=\"vc_row wpb_row vc_row-fluid\">\n<div class=\"wpb_column vc_column_container vc_col-sm-12\">\n<div class=\"vc_column-inner\">\n<div class=\"wpb_wrapper\">\n<div class=\"wpb_text_column wpb_content_element \">\n<div class=\"wpb_wrapper\">\n<p style=\"text-align: center;\"><span style=\"font-size: 14pt;\">Siz de\u011ferli m\u00fc\u015fterilerimize otomotiv d\u00fcnyas\u0131ndaki birikimli deneyimlerimize dayanan profesyonel bir dan\u0131\u015fmanl\u0131k hizmeti sunuyoruz.<\/span><\/p>\n<p style=\"text-align: center;\"><span style=\"font-size: 14pt;\">Size tavsiyelerde bulunmaya, sat\u0131n almak istedi\u011finiz arac\u0131n evraklar\u0131n\u0131 kontrol etmeye ve arac\u0131 sahibinden sat\u0131n alman\u0131z i\u00e7in size e\u015flik etmeye haz\u0131r\u0131z. <\/span><\/p>\n<p style=\"text-align: center;\"><span style=\"font-size: 14pt;\">Se\u00e7im sizin, bu nedenle arac\u0131n\u0131z\u0131 sat\u0131n almak veya satmak i\u00e7in size en uygun hizmeti se\u00e7in. <\/span><\/p>\n<\/div>\n<\/div>\n<\/div>\n<\/div>\n<\/div>\n<\/div>\n<p>[\/vc_column_text][\/vc_column][\/vc_row][vc_row][vc_column][vc_separator][vc_empty_space height=&#8221;50px&#8221;][\/vc_column][\/vc_row][vc_row][vc_column width=&#8221;1\/2&#8243;][vc_btn title=&#8221;Jeepler&#8221; style=&#8221;classic&#8221; size=&#8221;lg&#8221; align=&#8221;center&#8221; button_block=&#8221;true&#8221; link=&#8221;url:https%3A%2F%2Fwww.israk-turizm.com%2Findex.php%2Fjeep-cars%2F|target:_blank&#8221;][vc_btn title=&#8221;L\u00fcks arabalar&#8221; style=&#8221;classic&#8221; size=&#8221;lg&#8221; align=&#8221;center&#8221; button_block=&#8221;true&#8221; link=&#8221;url:https%3A%2F%2Fwww.israk-turizm.com%2Findex.php%2Fcars-for-fun%2F|target:_blank&#8221;][\/vc_column][vc_column width=&#8221;1\/2&#8243;][vc_btn title=&#8221;Aile arabalar\u0131&#8221; style=&#8221;classic&#8221; size=&#8221;lg&#8221; align=&#8221;center&#8221; button_block=&#8221;true&#8221; link=&#8221;url:https%3A%2F%2Fwww.israk-turizm.com%2Findex.php%2Ffamily-cars%2F|target:_blank&#8221;][vc_btn title=&#8221;Ekonomik ara\u00e7lar&#8221; style=&#8221;classic&#8221; size=&#8221;lg&#8221; align=&#8221;center&#8221; button_block=&#8221;true&#8221; link=&#8221;url:https%3A%2F%2Fwww.israk-turizm.com%2Findex.php%2Feconimice-cars%2F|target:_blank&#8221;][\/vc_column][\/vc_row][vc_row][vc_column][vc_empty_space height=&#8221;50px&#8221;][vc_column_text]<\/p>\n<p style=\"text-align: center;\"><strong><span style=\"font-size: 14pt;\">Sizin i\u00e7in \u00f6nemli olan herhangi bir ayr\u0131nt\u0131 hakk\u0131nda bilgi almak i\u00e7in bizimle ileti\u015fime ge\u00e7mekten \u00e7ekinmeyin<\/span><\/strong><\/p>\n<p>[\/vc_column_text][\/vc_column][\/vc_row][vc_row][vc_column width=&#8221;1\/4&#8243;][\/vc_column][vc_column width=&#8221;1\/2&#8243;][vc_row_inner][vc_column_inner width=&#8221;1\/4&#8243;][vc_icon icon_fontawesome=&#8221;fab fa-whatsapp&#8221; color=&#8221;green&#8221; size=&#8221;lg&#8221; align=&#8221;center&#8221; link=&#8221;url:https%3A%2F%2Fwa.me%2F%2B905318554481|target:_blank&#8221;][\/vc_column_inner][vc_column_inner width=&#8221;1\/4&#8243;][vc_icon icon_fontawesome=&#8221;fab fa-facebook-square&#8221; size=&#8221;lg&#8221; align=&#8221;center&#8221; link=&#8221;url:https%3A%2F%2Fwww.facebook.com%2FADNAN-GRUP-AUTO-100340098612458%2F|target:_blank&#8221;][\/vc_column_inner][vc_column_inner width=&#8221;1\/4&#8243;][vc_icon icon_fontawesome=&#8221;fab fa-instagram&#8221; color=&#8221;sandy_brown&#8221; size=&#8221;lg&#8221; align=&#8221;center&#8221; link=&#8221;url:https%3A%2F%2Fwww.instagram.com%2Fadnan_grup_auto%2F|target:_blank&#8221;][\/vc_column_inner][vc_column_inner width=&#8221;1\/4&#8243;][vc_icon icon_fontawesome=&#8221;fas fa-map-marker-alt&#8221; color=&#8221;custom&#8221; size=&#8221;lg&#8221; align=&#8221;center&#8221; custom_color=&#8221;#ff0000&#8243; link=&#8221;url:https%3A%2F%2Fgoo.gl%2Fmaps%2FwRkb4RPQ9eM6xGoD8|target:_blank&#8221;][\/vc_column_inner][\/vc_row_inner][\/vc_column][vc_column width=&#8221;1\/4&#8243;][\/vc_column][\/vc_row]<\/p>\n","protected":false},"excerpt":{"rendered":"<p>[vc_row][vc_column][vc_empty_space][\/vc_column][\/vc_row][vc_row][vc_column][vc_single_image image=&#8221;5707&#8243; img_size=&#8221;full&#8221; alignment=&#8221;center&#8221; css=&#8221;.vc_custom_1739550186234{background-color: #ebebeb !important;}&#8221;][vc_separator][vc_custom_heading text=&#8221;Adnan Grubb&#8221; font_container=&#8221;tag:h2|text_align:center&#8221;][vc_separator][vc_empty_space][vc_column_text] Arap y\u00f6netimli T\u00fcrk \u015firketi. ikinci el araba sat\u0131\u015f\u0131nda uzmanla\u015fm\u0131\u015ft\u0131r. \u0130stanbul merkezli Ba\u011fc\u0131lar &#8211; Oto Center &#8211; Blok &nbsp; M\u00fc\u015fterilerinin g\u00fcvenini kazanmay\u0131 hedefliyor Rekabet\u00e7i fiyatlarla en iyi hizmetleri sunarak [\/vc_column_text][vc_empty_space][\/vc_column][\/vc_row][vc_row][vc_column][vc_column_text] \u0130kinci el arac\u0131n\u0131z\u0131 satmak ve en iyi fiyat\u0131 almak istiyorsan\u0131z, bu i\u015fi sizin i\u00e7in yapmaya haz\u0131r\u0131z. [&hellip;]<\/p>\n","protected":false},"author":2,"featured_media":5810,"parent":0,"menu_order":0,"comment_status":"closed","ping_status":"closed","template":"","meta":{"footnotes":""},"class_list":["post-7029","page","type-page","status-publish","has-post-thumbnail","hentry"],"yoast_head":"<!-- This site is optimized with the Yoast SEO plugin v25.3.1 - https:\/\/yoast.com\/wordpress\/plugins\/seo\/ -->\n<title>Araba satmak - IshrakTayba<\/title>\n<meta name=\"robots\" content=\"index, follow, max-snippet:-1, max-image-preview:large, max-video-preview:-1\" \/>\n<link rel=\"canonical\" href=\"https:\/\/www.israk-turizm.com\/tr\/araba-satmak\/\" \/>\n<meta property=\"og:locale\" content=\"tr_TR\" \/>\n<meta property=\"og:type\" content=\"article\" \/>\n<meta property=\"og:title\" content=\"Araba satmak - IshrakTayba\" \/>\n<meta property=\"og:description\" content=\"[vc_row][vc_column][vc_empty_space][\/vc_column][\/vc_row][vc_row][vc_column][vc_single_image image=&#8221;5707&#8243; img_size=&#8221;full&#8221; alignment=&#8221;center&#8221; css=&#8221;.vc_custom_1739550186234{background-color: #ebebeb !important;}&#8221;][vc_separator][vc_custom_heading text=&#8221;Adnan Grubb&#8221; font_container=&#8221;tag:h2|text_align:center&#8221;][vc_separator][vc_empty_space][vc_column_text] Arap y\u00f6netimli T\u00fcrk \u015firketi. ikinci el araba sat\u0131\u015f\u0131nda uzmanla\u015fm\u0131\u015ft\u0131r. \u0130stanbul merkezli Ba\u011fc\u0131lar &#8211; Oto Center &#8211; Blok &nbsp; M\u00fc\u015fterilerinin g\u00fcvenini kazanmay\u0131 hedefliyor Rekabet\u00e7i fiyatlarla en iyi hizmetleri sunarak [\/vc_column_text][vc_empty_space][\/vc_column][\/vc_row][vc_row][vc_column][vc_column_text] \u0130kinci el arac\u0131n\u0131z\u0131 satmak ve en iyi fiyat\u0131 almak istiyorsan\u0131z, bu i\u015fi sizin i\u00e7in yapmaya haz\u0131r\u0131z. [&hellip;]\" \/>\n<meta property=\"og:url\" content=\"https:\/\/www.israk-turizm.com\/tr\/araba-satmak\/\" \/>\n<meta property=\"og:site_name\" content=\"IshrakTayba\" \/>\n<meta property=\"og:image\" content=\"https:\/\/www.israk-turizm.com\/wp-content\/uploads\/2022\/10\/young-handsome-business-man-choosing-car-car-showroom-1024x1024.png\" \/>\n\t<meta property=\"og:image:width\" content=\"1024\" \/>\n\t<meta property=\"og:image:height\" content=\"1024\" \/>\n\t<meta property=\"og:image:type\" content=\"image\/png\" \/>\n<meta name=\"twitter:card\" content=\"summary_large_image\" \/>\n<meta name=\"twitter:label1\" content=\"Tahmini okuma s\u00fcresi\" \/>\n\t<meta name=\"twitter:data1\" content=\"3 dakika\" \/>\n<script type=\"application\/ld+json\" class=\"yoast-schema-graph\">{\"@context\":\"https:\/\/schema.org\",\"@graph\":[{\"@type\":\"WebPage\",\"@id\":\"https:\/\/www.israk-turizm.com\/tr\/araba-satmak\/\",\"url\":\"https:\/\/www.israk-turizm.com\/tr\/araba-satmak\/\",\"name\":\"Araba satmak - IshrakTayba\",\"isPartOf\":{\"@id\":\"https:\/\/www.israk-turizm.com\/#website\"},\"primaryImageOfPage\":{\"@id\":\"https:\/\/www.israk-turizm.com\/tr\/araba-satmak\/#primaryimage\"},\"image\":{\"@id\":\"https:\/\/www.israk-turizm.com\/tr\/araba-satmak\/#primaryimage\"},\"thumbnailUrl\":\"https:\/\/www.israk-turizm.com\/wp-content\/uploads\/2022\/10\/young-handsome-business-man-choosing-car-car-showroom.png\",\"datePublished\":\"2022-06-19T19:07:40+00:00\",\"breadcrumb\":{\"@id\":\"https:\/\/www.israk-turizm.com\/tr\/araba-satmak\/#breadcrumb\"},\"inLanguage\":\"tr\",\"potentialAction\":[{\"@type\":\"ReadAction\",\"target\":[\"https:\/\/www.israk-turizm.com\/tr\/araba-satmak\/\"]}]},{\"@type\":\"ImageObject\",\"inLanguage\":\"tr\",\"@id\":\"https:\/\/www.israk-turizm.com\/tr\/araba-satmak\/#primaryimage\",\"url\":\"https:\/\/www.israk-turizm.com\/wp-content\/uploads\/2022\/10\/young-handsome-business-man-choosing-car-car-showroom.png\",\"contentUrl\":\"https:\/\/www.israk-turizm.com\/wp-content\/uploads\/2022\/10\/young-handsome-business-man-choosing-car-car-showroom.png\",\"width\":2240,\"height\":2240},{\"@type\":\"BreadcrumbList\",\"@id\":\"https:\/\/www.israk-turizm.com\/tr\/araba-satmak\/#breadcrumb\",\"itemListElement\":[{\"@type\":\"ListItem\",\"position\":1,\"name\":\"Home\",\"item\":\"https:\/\/www.israk-turizm.com\/\"},{\"@type\":\"ListItem\",\"position\":2,\"name\":\"Araba satmak\"}]},{\"@type\":\"WebSite\",\"@id\":\"https:\/\/www.israk-turizm.com\/#website\",\"url\":\"https:\/\/www.israk-turizm.com\/\",\"name\":\"IshrakTayba\",\"description\":\"Just another WordPress site\",\"publisher\":{\"@id\":\"https:\/\/www.israk-turizm.com\/#organization\"},\"potentialAction\":[{\"@type\":\"SearchAction\",\"target\":{\"@type\":\"EntryPoint\",\"urlTemplate\":\"https:\/\/www.israk-turizm.com\/?s={search_term_string}\"},\"query-input\":{\"@type\":\"PropertyValueSpecification\",\"valueRequired\":true,\"valueName\":\"search_term_string\"}}],\"inLanguage\":\"tr\"},{\"@type\":\"Organization\",\"@id\":\"https:\/\/www.israk-turizm.com\/#organization\",\"name\":\"IshrakTayba\",\"url\":\"https:\/\/www.israk-turizm.com\/\",\"logo\":{\"@type\":\"ImageObject\",\"inLanguage\":\"tr\",\"@id\":\"https:\/\/www.israk-turizm.com\/#\/schema\/logo\/image\/\",\"url\":\"https:\/\/www.israk-turizm.com\/wp-content\/uploads\/2022\/09\/cropped-rsz_logos-01.png\",\"contentUrl\":\"https:\/\/www.israk-turizm.com\/wp-content\/uploads\/2022\/09\/cropped-rsz_logos-01.png\",\"width\":220,\"height\":52,\"caption\":\"IshrakTayba\"},\"image\":{\"@id\":\"https:\/\/www.israk-turizm.com\/#\/schema\/logo\/image\/\"}}]}<\/script>\n<!-- \/ Yoast SEO plugin. -->","yoast_head_json":{"title":"Araba satmak - IshrakTayba","robots":{"index":"index","follow":"follow","max-snippet":"max-snippet:-1","max-image-preview":"max-image-preview:large","max-video-preview":"max-video-preview:-1"},"canonical":"https:\/\/www.israk-turizm.com\/tr\/araba-satmak\/","og_locale":"tr_TR","og_type":"article","og_title":"Araba satmak - IshrakTayba","og_description":"[vc_row][vc_column][vc_empty_space][\/vc_column][\/vc_row][vc_row][vc_column][vc_single_image image=&#8221;5707&#8243; img_size=&#8221;full&#8221; alignment=&#8221;center&#8221; css=&#8221;.vc_custom_1739550186234{background-color: #ebebeb !important;}&#8221;][vc_separator][vc_custom_heading text=&#8221;Adnan Grubb&#8221; font_container=&#8221;tag:h2|text_align:center&#8221;][vc_separator][vc_empty_space][vc_column_text] Arap y\u00f6netimli T\u00fcrk \u015firketi. ikinci el araba sat\u0131\u015f\u0131nda uzmanla\u015fm\u0131\u015ft\u0131r. \u0130stanbul merkezli Ba\u011fc\u0131lar &#8211; Oto Center &#8211; Blok &nbsp; M\u00fc\u015fterilerinin g\u00fcvenini kazanmay\u0131 hedefliyor Rekabet\u00e7i fiyatlarla en iyi hizmetleri sunarak [\/vc_column_text][vc_empty_space][\/vc_column][\/vc_row][vc_row][vc_column][vc_column_text] \u0130kinci el arac\u0131n\u0131z\u0131 satmak ve en iyi fiyat\u0131 almak istiyorsan\u0131z, bu i\u015fi sizin i\u00e7in yapmaya haz\u0131r\u0131z. [&hellip;]","og_url":"https:\/\/www.israk-turizm.com\/tr\/araba-satmak\/","og_site_name":"IshrakTayba","og_image":[{"width":1024,"height":1024,"url":"https:\/\/www.israk-turizm.com\/wp-content\/uploads\/2022\/10\/young-handsome-business-man-choosing-car-car-showroom-1024x1024.png","type":"image\/png"}],"twitter_card":"summary_large_image","twitter_misc":{"Tahmini okuma s\u00fcresi":"3 dakika"},"schema":{"@context":"https:\/\/schema.org","@graph":[{"@type":"WebPage","@id":"https:\/\/www.israk-turizm.com\/tr\/araba-satmak\/","url":"https:\/\/www.israk-turizm.com\/tr\/araba-satmak\/","name":"Araba satmak - IshrakTayba","isPartOf":{"@id":"https:\/\/www.israk-turizm.com\/#website"},"primaryImageOfPage":{"@id":"https:\/\/www.israk-turizm.com\/tr\/araba-satmak\/#primaryimage"},"image":{"@id":"https:\/\/www.israk-turizm.com\/tr\/araba-satmak\/#primaryimage"},"thumbnailUrl":"https:\/\/www.israk-turizm.com\/wp-content\/uploads\/2022\/10\/young-handsome-business-man-choosing-car-car-showroom.png","datePublished":"2022-06-19T19:07:40+00:00","breadcrumb":{"@id":"https:\/\/www.israk-turizm.com\/tr\/araba-satmak\/#breadcrumb"},"inLanguage":"tr","potentialAction":[{"@type":"ReadAction","target":["https:\/\/www.israk-turizm.com\/tr\/araba-satmak\/"]}]},{"@type":"ImageObject","inLanguage":"tr","@id":"https:\/\/www.israk-turizm.com\/tr\/araba-satmak\/#primaryimage","url":"https:\/\/www.israk-turizm.com\/wp-content\/uploads\/2022\/10\/young-handsome-business-man-choosing-car-car-showroom.png","contentUrl":"https:\/\/www.israk-turizm.com\/wp-content\/uploads\/2022\/10\/young-handsome-business-man-choosing-car-car-showroom.png","width":2240,"height":2240},{"@type":"BreadcrumbList","@id":"https:\/\/www.israk-turizm.com\/tr\/araba-satmak\/#breadcrumb","itemListElement":[{"@type":"ListItem","position":1,"name":"Home","item":"https:\/\/www.israk-turizm.com\/"},{"@type":"ListItem","position":2,"name":"Araba satmak"}]},{"@type":"WebSite","@id":"https:\/\/www.israk-turizm.com\/#website","url":"https:\/\/www.israk-turizm.com\/","name":"IshrakTayba","description":"Just another WordPress site","publisher":{"@id":"https:\/\/www.israk-turizm.com\/#organization"},"potentialAction":[{"@type":"SearchAction","target":{"@type":"EntryPoint","urlTemplate":"https:\/\/www.israk-turizm.com\/?s={search_term_string}"},"query-input":{"@type":"PropertyValueSpecification","valueRequired":true,"valueName":"search_term_string"}}],"inLanguage":"tr"},{"@type":"Organization","@id":"https:\/\/www.israk-turizm.com\/#organization","name":"IshrakTayba","url":"https:\/\/www.israk-turizm.com\/","logo":{"@type":"ImageObject","inLanguage":"tr","@id":"https:\/\/www.israk-turizm.com\/#\/schema\/logo\/image\/","url":"https:\/\/www.israk-turizm.com\/wp-content\/uploads\/2022\/09\/cropped-rsz_logos-01.png","contentUrl":"https:\/\/www.israk-turizm.com\/wp-content\/uploads\/2022\/09\/cropped-rsz_logos-01.png","width":220,"height":52,"caption":"IshrakTayba"},"image":{"@id":"https:\/\/www.israk-turizm.com\/#\/schema\/logo\/image\/"}}]}},"jetpack_sharing_enabled":true,"_links":{"self":[{"href":"https:\/\/www.israk-turizm.com\/tr\/wp-json\/wp\/v2\/pages\/7029","targetHints":{"allow":["GET"]}}],"collection":[{"href":"https:\/\/www.israk-turizm.com\/tr\/wp-json\/wp\/v2\/pages"}],"about":[{"href":"https:\/\/www.israk-turizm.com\/tr\/wp-json\/wp\/v2\/types\/page"}],"author":[{"embeddable":true,"href":"https:\/\/www.israk-turizm.com\/tr\/wp-json\/wp\/v2\/users\/2"}],"replies":[{"embeddable":true,"href":"https:\/\/www.israk-turizm.com\/tr\/wp-json\/wp\/v2\/comments?post=7029"}],"version-history":[{"count":0,"href":"https:\/\/www.israk-turizm.com\/tr\/wp-json\/wp\/v2\/pages\/7029\/revisions"}],"wp:featuredmedia":[{"embeddable":true,"href":"https:\/\/www.israk-turizm.com\/tr\/wp-json\/wp\/v2\/media\/5810"}],"wp:attachment":[{"href":"https:\/\/www.israk-turizm.com\/tr\/wp-json\/wp\/v2\/media?parent=7029"}],"curies":[{"name":"wp","href":"https:\/\/api.w.org\/{rel}","templated":true}]}}