{"id":7035,"date":"2022-09-07T11:09:24","date_gmt":"2022-09-07T11:09:24","guid":{"rendered":"https:\/\/www.israk-turizm.com\/yat-kiralama\/"},"modified":"2025-06-26T21:20:15","modified_gmt":"2025-06-26T21:20:15","slug":"yat-kiralama","status":"publish","type":"page","link":"https:\/\/www.israk-turizm.com\/tr\/yat-kiralama\/","title":{"rendered":"Yat kiralama"},"content":{"rendered":"<p>[vc_row][vc_column width=&#8221;1\/6&#8243;][\/vc_column][vc_column width=&#8221;2\/3&#8243;][vc_custom_heading text=&#8221;Yat kiralama&#8221; font_container=&#8221;tag:h2|text_align:right&#8221;][\/vc_column][vc_column width=&#8221;1\/6&#8243;][\/vc_column][\/vc_row][vc_row][vc_column][vc_empty_space height=&#8221;20px&#8221;][\/vc_column][\/vc_row][vc_row][vc_column width=&#8221;1\/6&#8243;][\/vc_column][vc_column width=&#8221;2\/3&#8243; css=&#8221;.vc_custom_1663973438740{background-color: #eeeeee !important;}&#8221;][vc_gallery interval=&#8221;3&#8243; images=&#8221;1562,1564,1566,1568,1570,1557&#8243; img_size=&#8221;full&#8221;][vc_column_text]<\/p>\n<p dir=\"RTL\" style=\"margin-top: 0cm; text-align: justify; text-justify: kashida; text-kashida: 0%; direction: rtl; unicode-bidi: embed;\"><span style=\"font-size: 14pt; font-family: 'Noto Kufi Arabic';\"><span lang=\"AR-SA\">Kiral\u0131k Yat (<\/span><span dir=\"LTR\">Kiral\u0131k Yat<\/span><span lang=\"AR-SA\">) (k\u00fc\u00e7\u00fck tekne <\/span><span dir=\"LTR\">VIP<\/span><span lang=\"AR-SA\"> \/ Kruvaz\u00f6r \/ T\u00fcrkiye&#8217;ye gelen bir\u00e7ok turistin Bo\u011faz&#8217;da \u00f6zel ve e\u015fsiz bir zaman ge\u00e7irmek amac\u0131yla ba\u015fvurdu\u011fu en \u00f6zg\u00fcn aktivitelerden biri olan l\u00fcks turistik tekne   <\/span><span dir=\"LTR\">Bosphor bogazI<\/span> <span lang=\"AR-SA\">\u0130stanbul&#8217;da <\/span><span dir=\"LTR\">\u0130stanbul<\/span><span lang=\"AR-SA\"> \u015eehrin g\u00fcr\u00fclt\u00fcs\u00fcnden uzakta, g\u00fczel atmosferinin tad\u0131n\u0131 \u00f6zel bir \u015fekilde \u00e7\u0131karman\u0131n yan\u0131 s\u0131ra, ayr\u0131cal\u0131kl\u0131. <\/span><\/span><\/p>\n<p dir=\"RTL\" style=\"margin-top: 0cm; text-align: justify; text-justify: kashida; text-kashida: 0%; direction: rtl; unicode-bidi: embed;\"><span style=\"font-size: 14pt; font-family: 'Noto Kufi Arabic';\"><span lang=\"AR-SA\">L\u00fcks yat nedir? <\/span><span dir=\"LTR\">Yat<\/span><span lang=\"AR-SA\"> Mevcut \u00f6zel yatlar nelerdir? Maliyetleri nelerdir? Bunlarda ne kadar zaman ge\u00e7irilebilir? Nas\u0131l kiralanabilir? Yatlarda hangi aktiviteler yap\u0131labilir? Bu turistik aktivitenin avantajlar\u0131 nelerdir? T\u00fcm bunlar\u0131 ve daha fazlas\u0131n\u0131 bu makalenin paragraflar\u0131nda yan\u0131tlayaca\u011f\u0131z.      <\/span><\/span><\/p>\n<p>[\/vc_column_text][vc_empty_space height=&#8221;20px&#8221;][\/vc_column][vc_column width=&#8221;1\/6&#8243;][\/vc_column][\/vc_row][vc_row][vc_column][vc_empty_space height=&#8221;20px&#8221;][\/vc_column][\/vc_row][vc_row][vc_column width=&#8221;1\/2&#8243;][vc_column_text]<\/p>\n<p style=\"text-align: center;\"><span style=\"font-size: 14pt;\"><strong>Bo\u011faz&#8217;da \u00d6zel Yat Turu<\/strong><\/span><\/p>\n<p style=\"text-align: right;\"><span style=\"font-size: 14pt;\">\u0130stanbul&#8217;da \u00f6zel bir yat kiralama &#8211; Bo\u011faz&#8217;da \u00f6zel bir yat &#8211; \u00e7ekici yerleri ve manzaralar\u0131 g\u00f6rmek ve \u00e7arp\u0131c\u0131 T\u00fcrk k\u0131y\u0131 \u015feridini, tenha koylar\u0131 ve pitoresk k\u00f6yleri ke\u015ffetmek i\u00e7in harika bir f\u0131rsat sunar. \u0130stanbul, gemi tutkunlar\u0131 i\u00e7in favori bir destinasyonun t\u00fcm \u00f6zelliklerine sahiptir. <\/span><\/p>\n<p style=\"text-align: right;\"><span style=\"font-size: 14pt;\">\u0130stanbul&#8217;da yat kiralayarak arkada\u015flar\u0131n\u0131zla e\u011flenceli bir ak\u015fam ge\u00e7irebilir, ailenizle ba\u015f ba\u015fa vakit ge\u00e7irebilir, balay\u0131 gecesi ge\u00e7irebilir, do\u011fum g\u00fcn\u00fc, d\u00fc\u011f\u00fcn veya herhangi bir \u00f6zel g\u00fcn\u00fc kutlayabilirsiniz.   <\/span><\/p>\n<p>[\/vc_column_text][\/vc_column][vc_column width=&#8221;1\/2&#8243;][vc_empty_space height=&#8221;20px&#8221;][vc_single_image image=&#8221;1557&#8243; alignment=&#8221;center&#8221; style=&#8221;vc_box_rounded&#8221;][\/vc_column][\/vc_row][vc_row][vc_column width=&#8221;1\/2&#8243;][vc_empty_space height=&#8221;20px&#8221;][vc_single_image image=&#8221;1562&#8243; alignment=&#8221;center&#8221; style=&#8221;vc_box_rounded&#8221;][\/vc_column][vc_column width=&#8221;1\/2&#8243;][vc_column_text]<\/p>\n<p style=\"text-align: center;\"><span style=\"font-size: 14pt;\"><strong>Turistik yat nas\u0131l kiralan\u0131r<\/strong><\/span><\/p>\n<p style=\"text-align: right;\"><span style=\"font-size: 14pt;\">Bir yat kiralaman\u0131n bir\u00e7ok yolu vard\u0131r, bu da Bo\u011faz&#8217;da vakit ge\u00e7irmek isteyenler i\u00e7in kolayl\u0131k sa\u011flar, \u015fehre gelen ziyaret\u00e7iler i\u00e7in harika ve e\u015fsiz bir deneyimdir. Bu yollardan biri \u015fudur:  <\/span><\/p>\n<ol style=\"text-align: right;\">\n<li><span style=\"font-size: 14pt;\">Asl\u0131nda \u0130stanbul&#8217;da turistik faaliyetler konusunda uzmanla\u015fm\u0131\u015f bir turizm \u015firketiyle ileti\u015fime ge\u00e7in ve kendinize \u00f6zel yat\u0131n\u0131z\u0131 ay\u0131rt\u0131n.<\/span><\/li>\n<li><span style=\"font-size: 14pt;\">\u0130stanbul&#8217;un \u00e7e\u015fitli yerlerindeki turizm ofislerinden birine gidip konu hakk\u0131nda merak ettiklerinizi sorabilirsiniz.<\/span><\/li>\n<li><span style=\"font-size: 14pt;\">Bilgi ve maliyeti \u00f6\u011frenmek i\u00e7in telefon numaram\u0131zdan veya e-posta adresimizden bize ula\u015fabilirsiniz.<\/span><\/li>\n<\/ol>\n<p style=\"text-align: right;\"><span style=\"font-size: 14pt;\">4. Ayr\u0131ca \u0130stanbul&#8217;un bir\u00e7ok noktas\u0131nda bulunan limanlara giderek yat kiralayabilirsiniz.<\/span><\/p>\n<p>[\/vc_column_text][\/vc_column][\/vc_row]<\/p>\n","protected":false},"excerpt":{"rendered":"<p>[vc_row][vc_column width=&#8221;1\/6&#8243;][\/vc_column][vc_column width=&#8221;2\/3&#8243;][vc_custom_heading text=&#8221;Yat kiralama&#8221; font_container=&#8221;tag:h2|text_align:right&#8221;][\/vc_column][vc_column width=&#8221;1\/6&#8243;][\/vc_column][\/vc_row][vc_row][vc_column][vc_empty_space height=&#8221;20px&#8221;][\/vc_column][\/vc_row][vc_row][vc_column width=&#8221;1\/6&#8243;][\/vc_column][vc_column width=&#8221;2\/3&#8243; css=&#8221;.vc_custom_1663973438740{background-color: #eeeeee !important;}&#8221;][vc_gallery interval=&#8221;3&#8243; images=&#8221;1562,1564,1566,1568,1570,1557&#8243; img_size=&#8221;full&#8221;][vc_column_text] Kiral\u0131k Yat (Kiral\u0131k Yat) (k\u00fc\u00e7\u00fck tekne VIP \/ Kruvaz\u00f6r \/ T\u00fcrkiye&#8217;ye gelen bir\u00e7ok turistin Bo\u011faz&#8217;da \u00f6zel ve e\u015fsiz bir zaman ge\u00e7irmek amac\u0131yla ba\u015fvurdu\u011fu en \u00f6zg\u00fcn aktivitelerden biri olan l\u00fcks turistik tekne Bosphor bogazI \u0130stanbul&#8217;da \u0130stanbul \u015eehrin g\u00fcr\u00fclt\u00fcs\u00fcnden uzakta, g\u00fczel [&hellip;]<\/p>\n","protected":false},"author":2,"featured_media":0,"parent":0,"menu_order":0,"comment_status":"closed","ping_status":"closed","template":"","meta":{"footnotes":""},"class_list":["post-7035","page","type-page","status-publish","hentry"],"yoast_head":"<!-- This site is optimized with the Yoast SEO plugin v25.3.1 - https:\/\/yoast.com\/wordpress\/plugins\/seo\/ -->\n<title>Yat kiralama - IshrakTayba<\/title>\n<meta name=\"robots\" content=\"index, follow, max-snippet:-1, max-image-preview:large, max-video-preview:-1\" \/>\n<link rel=\"canonical\" href=\"https:\/\/www.israk-turizm.com\/tr\/yat-kiralama\/\" \/>\n<meta property=\"og:locale\" content=\"tr_TR\" \/>\n<meta property=\"og:type\" content=\"article\" \/>\n<meta property=\"og:title\" content=\"Yat kiralama - IshrakTayba\" \/>\n<meta property=\"og:description\" content=\"[vc_row][vc_column width=&#8221;1\/6&#8243;][\/vc_column][vc_column width=&#8221;2\/3&#8243;][vc_custom_heading text=&#8221;Yat kiralama&#8221; font_container=&#8221;tag:h2|text_align:right&#8221;][\/vc_column][vc_column width=&#8221;1\/6&#8243;][\/vc_column][\/vc_row][vc_row][vc_column][vc_empty_space height=&#8221;20px&#8221;][\/vc_column][\/vc_row][vc_row][vc_column width=&#8221;1\/6&#8243;][\/vc_column][vc_column width=&#8221;2\/3&#8243; css=&#8221;.vc_custom_1663973438740{background-color: #eeeeee !important;}&#8221;][vc_gallery interval=&#8221;3&#8243; images=&#8221;1562,1564,1566,1568,1570,1557&#8243; img_size=&#8221;full&#8221;][vc_column_text] Kiral\u0131k Yat (Kiral\u0131k Yat) (k\u00fc\u00e7\u00fck tekne VIP \/ Kruvaz\u00f6r \/ T\u00fcrkiye&#8217;ye gelen bir\u00e7ok turistin Bo\u011faz&#8217;da \u00f6zel ve e\u015fsiz bir zaman ge\u00e7irmek amac\u0131yla ba\u015fvurdu\u011fu en \u00f6zg\u00fcn aktivitelerden biri olan l\u00fcks turistik tekne Bosphor bogazI \u0130stanbul&#8217;da \u0130stanbul \u015eehrin g\u00fcr\u00fclt\u00fcs\u00fcnden uzakta, g\u00fczel [&hellip;]\" \/>\n<meta property=\"og:url\" content=\"https:\/\/www.israk-turizm.com\/tr\/yat-kiralama\/\" \/>\n<meta property=\"og:site_name\" content=\"IshrakTayba\" \/>\n<meta property=\"article:modified_time\" content=\"2025-06-26T21:20:15+00:00\" \/>\n<meta name=\"twitter:card\" content=\"summary_large_image\" \/>\n<meta name=\"twitter:label1\" content=\"Tahmini okuma s\u00fcresi\" \/>\n\t<meta name=\"twitter:data1\" content=\"2 dakika\" \/>\n<script type=\"application\/ld+json\" class=\"yoast-schema-graph\">{\"@context\":\"https:\/\/schema.org\",\"@graph\":[{\"@type\":\"WebPage\",\"@id\":\"https:\/\/www.israk-turizm.com\/tr\/yat-kiralama\/\",\"url\":\"https:\/\/www.israk-turizm.com\/tr\/yat-kiralama\/\",\"name\":\"Yat kiralama - IshrakTayba\",\"isPartOf\":{\"@id\":\"https:\/\/www.israk-turizm.com\/#website\"},\"datePublished\":\"2022-09-07T11:09:24+00:00\",\"dateModified\":\"2025-06-26T21:20:15+00:00\",\"breadcrumb\":{\"@id\":\"https:\/\/www.israk-turizm.com\/tr\/yat-kiralama\/#breadcrumb\"},\"inLanguage\":\"tr\",\"potentialAction\":[{\"@type\":\"ReadAction\",\"target\":[\"https:\/\/www.israk-turizm.com\/tr\/yat-kiralama\/\"]}]},{\"@type\":\"BreadcrumbList\",\"@id\":\"https:\/\/www.israk-turizm.com\/tr\/yat-kiralama\/#breadcrumb\",\"itemListElement\":[{\"@type\":\"ListItem\",\"position\":1,\"name\":\"Home\",\"item\":\"https:\/\/www.israk-turizm.com\/\"},{\"@type\":\"ListItem\",\"position\":2,\"name\":\"Yat kiralama\"}]},{\"@type\":\"WebSite\",\"@id\":\"https:\/\/www.israk-turizm.com\/#website\",\"url\":\"https:\/\/www.israk-turizm.com\/\",\"name\":\"IshrakTayba\",\"description\":\"Just another WordPress site\",\"publisher\":{\"@id\":\"https:\/\/www.israk-turizm.com\/#organization\"},\"potentialAction\":[{\"@type\":\"SearchAction\",\"target\":{\"@type\":\"EntryPoint\",\"urlTemplate\":\"https:\/\/www.israk-turizm.com\/?s={search_term_string}\"},\"query-input\":{\"@type\":\"PropertyValueSpecification\",\"valueRequired\":true,\"valueName\":\"search_term_string\"}}],\"inLanguage\":\"tr\"},{\"@type\":\"Organization\",\"@id\":\"https:\/\/www.israk-turizm.com\/#organization\",\"name\":\"IshrakTayba\",\"url\":\"https:\/\/www.israk-turizm.com\/\",\"logo\":{\"@type\":\"ImageObject\",\"inLanguage\":\"tr\",\"@id\":\"https:\/\/www.israk-turizm.com\/#\/schema\/logo\/image\/\",\"url\":\"https:\/\/www.israk-turizm.com\/wp-content\/uploads\/2022\/09\/cropped-rsz_logos-01.png\",\"contentUrl\":\"https:\/\/www.israk-turizm.com\/wp-content\/uploads\/2022\/09\/cropped-rsz_logos-01.png\",\"width\":220,\"height\":52,\"caption\":\"IshrakTayba\"},\"image\":{\"@id\":\"https:\/\/www.israk-turizm.com\/#\/schema\/logo\/image\/\"}}]}<\/script>\n<!-- \/ Yoast SEO plugin. -->","yoast_head_json":{"title":"Yat kiralama - IshrakTayba","robots":{"index":"index","follow":"follow","max-snippet":"max-snippet:-1","max-image-preview":"max-image-preview:large","max-video-preview":"max-video-preview:-1"},"canonical":"https:\/\/www.israk-turizm.com\/tr\/yat-kiralama\/","og_locale":"tr_TR","og_type":"article","og_title":"Yat kiralama - IshrakTayba","og_description":"[vc_row][vc_column width=&#8221;1\/6&#8243;][\/vc_column][vc_column width=&#8221;2\/3&#8243;][vc_custom_heading text=&#8221;Yat kiralama&#8221; font_container=&#8221;tag:h2|text_align:right&#8221;][\/vc_column][vc_column width=&#8221;1\/6&#8243;][\/vc_column][\/vc_row][vc_row][vc_column][vc_empty_space height=&#8221;20px&#8221;][\/vc_column][\/vc_row][vc_row][vc_column width=&#8221;1\/6&#8243;][\/vc_column][vc_column width=&#8221;2\/3&#8243; css=&#8221;.vc_custom_1663973438740{background-color: #eeeeee !important;}&#8221;][vc_gallery interval=&#8221;3&#8243; images=&#8221;1562,1564,1566,1568,1570,1557&#8243; img_size=&#8221;full&#8221;][vc_column_text] Kiral\u0131k Yat (Kiral\u0131k Yat) (k\u00fc\u00e7\u00fck tekne VIP \/ Kruvaz\u00f6r \/ T\u00fcrkiye&#8217;ye gelen bir\u00e7ok turistin Bo\u011faz&#8217;da \u00f6zel ve e\u015fsiz bir zaman ge\u00e7irmek amac\u0131yla ba\u015fvurdu\u011fu en \u00f6zg\u00fcn aktivitelerden biri olan l\u00fcks turistik tekne Bosphor bogazI \u0130stanbul&#8217;da \u0130stanbul \u015eehrin g\u00fcr\u00fclt\u00fcs\u00fcnden uzakta, g\u00fczel [&hellip;]","og_url":"https:\/\/www.israk-turizm.com\/tr\/yat-kiralama\/","og_site_name":"IshrakTayba","article_modified_time":"2025-06-26T21:20:15+00:00","twitter_card":"summary_large_image","twitter_misc":{"Tahmini okuma s\u00fcresi":"2 dakika"},"schema":{"@context":"https:\/\/schema.org","@graph":[{"@type":"WebPage","@id":"https:\/\/www.israk-turizm.com\/tr\/yat-kiralama\/","url":"https:\/\/www.israk-turizm.com\/tr\/yat-kiralama\/","name":"Yat kiralama - IshrakTayba","isPartOf":{"@id":"https:\/\/www.israk-turizm.com\/#website"},"datePublished":"2022-09-07T11:09:24+00:00","dateModified":"2025-06-26T21:20:15+00:00","breadcrumb":{"@id":"https:\/\/www.israk-turizm.com\/tr\/yat-kiralama\/#breadcrumb"},"inLanguage":"tr","potentialAction":[{"@type":"ReadAction","target":["https:\/\/www.israk-turizm.com\/tr\/yat-kiralama\/"]}]},{"@type":"BreadcrumbList","@id":"https:\/\/www.israk-turizm.com\/tr\/yat-kiralama\/#breadcrumb","itemListElement":[{"@type":"ListItem","position":1,"name":"Home","item":"https:\/\/www.israk-turizm.com\/"},{"@type":"ListItem","position":2,"name":"Yat kiralama"}]},{"@type":"WebSite","@id":"https:\/\/www.israk-turizm.com\/#website","url":"https:\/\/www.israk-turizm.com\/","name":"IshrakTayba","description":"Just another WordPress site","publisher":{"@id":"https:\/\/www.israk-turizm.com\/#organization"},"potentialAction":[{"@type":"SearchAction","target":{"@type":"EntryPoint","urlTemplate":"https:\/\/www.israk-turizm.com\/?s={search_term_string}"},"query-input":{"@type":"PropertyValueSpecification","valueRequired":true,"valueName":"search_term_string"}}],"inLanguage":"tr"},{"@type":"Organization","@id":"https:\/\/www.israk-turizm.com\/#organization","name":"IshrakTayba","url":"https:\/\/www.israk-turizm.com\/","logo":{"@type":"ImageObject","inLanguage":"tr","@id":"https:\/\/www.israk-turizm.com\/#\/schema\/logo\/image\/","url":"https:\/\/www.israk-turizm.com\/wp-content\/uploads\/2022\/09\/cropped-rsz_logos-01.png","contentUrl":"https:\/\/www.israk-turizm.com\/wp-content\/uploads\/2022\/09\/cropped-rsz_logos-01.png","width":220,"height":52,"caption":"IshrakTayba"},"image":{"@id":"https:\/\/www.israk-turizm.com\/#\/schema\/logo\/image\/"}}]}},"jetpack_sharing_enabled":true,"_links":{"self":[{"href":"https:\/\/www.israk-turizm.com\/tr\/wp-json\/wp\/v2\/pages\/7035","targetHints":{"allow":["GET"]}}],"collection":[{"href":"https:\/\/www.israk-turizm.com\/tr\/wp-json\/wp\/v2\/pages"}],"about":[{"href":"https:\/\/www.israk-turizm.com\/tr\/wp-json\/wp\/v2\/types\/page"}],"author":[{"embeddable":true,"href":"https:\/\/www.israk-turizm.com\/tr\/wp-json\/wp\/v2\/users\/2"}],"replies":[{"embeddable":true,"href":"https:\/\/www.israk-turizm.com\/tr\/wp-json\/wp\/v2\/comments?post=7035"}],"version-history":[{"count":1,"href":"https:\/\/www.israk-turizm.com\/tr\/wp-json\/wp\/v2\/pages\/7035\/revisions"}],"predecessor-version":[{"id":7610,"href":"https:\/\/www.israk-turizm.com\/tr\/wp-json\/wp\/v2\/pages\/7035\/revisions\/7610"}],"wp:attachment":[{"href":"https:\/\/www.israk-turizm.com\/tr\/wp-json\/wp\/v2\/media?parent=7035"}],"curies":[{"name":"wp","href":"https:\/\/api.w.org\/{rel}","templated":true}]}}