{"id":7043,"date":"2023-01-31T13:48:11","date_gmt":"2023-01-31T13:48:11","guid":{"rendered":"https:\/\/www.israk-turizm.com\/parti-ve-etkinlik-koordinasyonu\/"},"modified":"2025-06-26T22:14:52","modified_gmt":"2025-06-26T22:14:52","slug":"parti-ve-etkinlik-koordinasyonu","status":"publish","type":"page","link":"https:\/\/www.israk-turizm.com\/tr\/parti-ve-etkinlik-koordinasyonu\/","title":{"rendered":"Parti ve etkinlik planlama"},"content":{"rendered":"<p>[vc_row][vc_column width=&#8221;1\/6&#8243;][\/vc_column][vc_column width=&#8221;2\/3&#8243;][vc_empty_space height=&#8221;50px&#8221;][vc_custom_heading text=&#8221;Parti ve etkinlik planlama&#8221; font_container=&#8221;tag:h2|text_align:center&#8221;][vc_column_text]<\/p>\n<p style=\"text-align: center;\"><span style=\"font-size: 14pt;\">Ishraq Taiba Turizm \u015eirketi olarak de\u011ferli ziyaret\u00e7ilerimizin arzulad\u0131\u011f\u0131 t\u00fcm turizm hizmetlerini sunmaya ve beklentilerini kar\u015f\u0131lamaya kararl\u0131y\u0131z.<\/span><\/p>\n<p>[\/vc_column_text][vc_empty_space height=&#8221;10&#8243;][vc_column_text]<\/p>\n<p style=\"text-align: right;\"><span style=\"font-size: 14pt;\">Bu nedenle, ba\u015far\u0131l\u0131 ortaklar\u0131m\u0131zdan biri olan Hello Party ile s\u00f6zle\u015fme yapt\u0131k ve anla\u015ft\u0131k. Bu \u015firket, kapsaml\u0131 deneyime, g\u00fcvenilirli\u011fe ve teslimat h\u0131z\u0131na sahip bir ekibin g\u00f6zetiminde y\u00fcksek kaliteli hizmetlerle do\u011fum g\u00fcn\u00fc partileri, d\u00fc\u011f\u00fcnler ve \u00f6zel g\u00fcnlerin koordinasyonu ve organizasyonunda uzmanla\u015fm\u0131\u015f T\u00fcrkiye&#8217;deki ilk Arap \u015firketidir.<\/span><\/p>\n<p>[\/vc_column_text][vc_separator][vc_empty_space height=&#8221;10&#8243;][vc_single_image image=&#8221;2924&#8243; img_size=&#8221;medium&#8221; alignment=&#8221;center&#8221;][vc_empty_space height=&#8221;10&#8243;][vc_column_text]<\/p>\n<p style=\"text-align: right;\"><span style=\"font-size: 14pt;\">Hello Party, 2017&#8217;nin ba\u015flar\u0131nda \u0130stanbul, T\u00fcrkiye&#8217;de bireysel bir \u015firket olarak kuruldu. Daha sonra, en fazla m\u00fc\u015fteriye ula\u015fmak, hizmetlerini T\u00fcrkiye genelindeki t\u00fcm Arap karde\u015flerimize sunmak ve m\u00fc\u015fterilerinin arzular\u0131n\u0131 herkesin zevkine uygun bir \u015fekilde sa\u011flamak amac\u0131yla bir grup \u015firketine d\u00f6n\u00fc\u015ft\u00fc.<\/span><\/p>\n<p>[\/vc_column_text][vc_empty_space height=&#8221;10&#8243;][vc_gallery interval=&#8221;3&#8243; images=&#8221;2943,2945,2947,2949,2951,2953,2955,2957&#8243; img_size=&#8221;large&#8221;][vc_empty_space height=&#8221;10&#8243;][vc_separator][vc_column_text]<\/p>\n<p style=\"text-align: right;\"><strong><span style=\"font-size: 14pt;\">Vizyonumuz \u015fu \u015fekilde karakterize edilir:<\/span><\/strong><\/p>\n<p style=\"text-align: right;\"><span style=\"font-size: 14pt;\">Turizm hizmetlerini (g\u00fcnl\u00fck tur organizasyonu, u\u00e7ak rezervasyonu, otel rezervasyonu, ara\u00e7 kiralama ve havaalan\u0131 transfer hizmetleri) bir araya getiren ilk firma olmak ve partilerinizi ve \u00f6zel g\u00fcnlerinizi koordine ederek hayat\u0131n\u0131z\u0131n en g\u00fczel anlar\u0131n\u0131 sizinle payla\u015fmak.<\/span><\/p>\n<p>[\/vc_column_text][vc_empty_space height=&#8221;10&#8243;][vc_gallery interval=&#8221;3&#8243; images=&#8221;2931,2933,2935,2937,2960,2962,2964,2966,2968,2970&#8243; img_size=&#8221;large&#8221; css_animation=&#8221;none&#8221;][vc_empty_space height=&#8221;10&#8243;][vc_column_text]<\/p>\n<p style=\"text-align: right;\"><span style=\"font-size: 14pt;\">Turizm hizmetlerini (g\u00fcnl\u00fck tur organizasyonu, u\u00e7ak rezervasyonu, otel rezervasyonu, ara\u00e7 kiralama ve havaalan\u0131 transfer hizmetleri) bir araya getiren ilk firma olmak ve partilerinizi ve \u00f6zel g\u00fcnlerinizi koordine ederek hayat\u0131n\u0131z\u0131n en g\u00fczel anlar\u0131n\u0131 sizinle payla\u015fmak.<\/span><\/p>\n<p>[\/vc_column_text][vc_separator][vc_column_text]<\/p>\n<p style=\"text-align: right;\"><strong><span style=\"font-size: 14pt;\">Amac\u0131m\u0131z:<\/span><\/strong><\/p>\n<p style=\"text-align: right;\"><span style=\"font-size: 14pt;\">Sevin\u00e7 ve sevgi ekerek, sizi mutlu eden, rafine zevkinize uygun olan\u0131 sunmak.<\/span><\/p>\n<p>[\/vc_column_text][\/vc_column][vc_column width=&#8221;1\/6&#8243;][\/vc_column][\/vc_row]<\/p>\n","protected":false},"excerpt":{"rendered":"<p>[vc_row][vc_column width=&#8221;1\/6&#8243;][\/vc_column][vc_column width=&#8221;2\/3&#8243;][vc_empty_space height=&#8221;50px&#8221;][vc_custom_heading text=&#8221;Parti ve etkinlik planlama&#8221; font_container=&#8221;tag:h2|text_align:center&#8221;][vc_column_text] Ishraq Taiba Turizm \u015eirketi olarak de\u011ferli ziyaret\u00e7ilerimizin arzulad\u0131\u011f\u0131 t\u00fcm turizm hizmetlerini sunmaya ve beklentilerini kar\u015f\u0131lamaya kararl\u0131y\u0131z. [\/vc_column_text][vc_empty_space height=&#8221;10&#8243;][vc_column_text] Bu nedenle, ba\u015far\u0131l\u0131 ortaklar\u0131m\u0131zdan biri olan Hello Party ile s\u00f6zle\u015fme yapt\u0131k ve anla\u015ft\u0131k. Bu \u015firket, kapsaml\u0131 deneyime, g\u00fcvenilirli\u011fe ve teslimat h\u0131z\u0131na sahip bir ekibin g\u00f6zetiminde y\u00fcksek kaliteli hizmetlerle [&hellip;]<\/p>\n","protected":false},"author":1,"featured_media":0,"parent":0,"menu_order":0,"comment_status":"closed","ping_status":"closed","template":"","meta":{"footnotes":""},"class_list":["post-7043","page","type-page","status-publish","hentry"],"yoast_head":"<!-- This site is optimized with the Yoast SEO plugin v25.3.1 - https:\/\/yoast.com\/wordpress\/plugins\/seo\/ -->\n<title>Parti ve etkinlik planlama - IshrakTayba<\/title>\n<meta name=\"robots\" content=\"index, follow, max-snippet:-1, max-image-preview:large, max-video-preview:-1\" \/>\n<link rel=\"canonical\" href=\"https:\/\/www.israk-turizm.com\/tr\/parti-ve-etkinlik-koordinasyonu\/\" \/>\n<meta property=\"og:locale\" content=\"tr_TR\" \/>\n<meta property=\"og:type\" content=\"article\" \/>\n<meta property=\"og:title\" content=\"Parti ve etkinlik planlama - IshrakTayba\" \/>\n<meta property=\"og:description\" content=\"[vc_row][vc_column width=&#8221;1\/6&#8243;][\/vc_column][vc_column width=&#8221;2\/3&#8243;][vc_empty_space height=&#8221;50px&#8221;][vc_custom_heading text=&#8221;Parti ve etkinlik planlama&#8221; font_container=&#8221;tag:h2|text_align:center&#8221;][vc_column_text] Ishraq Taiba Turizm \u015eirketi olarak de\u011ferli ziyaret\u00e7ilerimizin arzulad\u0131\u011f\u0131 t\u00fcm turizm hizmetlerini sunmaya ve beklentilerini kar\u015f\u0131lamaya kararl\u0131y\u0131z. [\/vc_column_text][vc_empty_space height=&#8221;10&#8243;][vc_column_text] Bu nedenle, ba\u015far\u0131l\u0131 ortaklar\u0131m\u0131zdan biri olan Hello Party ile s\u00f6zle\u015fme yapt\u0131k ve anla\u015ft\u0131k. Bu \u015firket, kapsaml\u0131 deneyime, g\u00fcvenilirli\u011fe ve teslimat h\u0131z\u0131na sahip bir ekibin g\u00f6zetiminde y\u00fcksek kaliteli hizmetlerle [&hellip;]\" \/>\n<meta property=\"og:url\" content=\"https:\/\/www.israk-turizm.com\/tr\/parti-ve-etkinlik-koordinasyonu\/\" \/>\n<meta property=\"og:site_name\" content=\"IshrakTayba\" \/>\n<meta property=\"article:modified_time\" content=\"2025-06-26T22:14:52+00:00\" \/>\n<meta name=\"twitter:card\" content=\"summary_large_image\" \/>\n<meta name=\"twitter:label1\" content=\"Tahmini okuma s\u00fcresi\" \/>\n\t<meta name=\"twitter:data1\" content=\"2 dakika\" \/>\n<script type=\"application\/ld+json\" class=\"yoast-schema-graph\">{\"@context\":\"https:\/\/schema.org\",\"@graph\":[{\"@type\":\"WebPage\",\"@id\":\"https:\/\/www.israk-turizm.com\/tr\/parti-ve-etkinlik-koordinasyonu\/\",\"url\":\"https:\/\/www.israk-turizm.com\/tr\/parti-ve-etkinlik-koordinasyonu\/\",\"name\":\"Parti ve etkinlik planlama - IshrakTayba\",\"isPartOf\":{\"@id\":\"https:\/\/www.israk-turizm.com\/#website\"},\"datePublished\":\"2023-01-31T13:48:11+00:00\",\"dateModified\":\"2025-06-26T22:14:52+00:00\",\"breadcrumb\":{\"@id\":\"https:\/\/www.israk-turizm.com\/tr\/parti-ve-etkinlik-koordinasyonu\/#breadcrumb\"},\"inLanguage\":\"tr\",\"potentialAction\":[{\"@type\":\"ReadAction\",\"target\":[\"https:\/\/www.israk-turizm.com\/tr\/parti-ve-etkinlik-koordinasyonu\/\"]}]},{\"@type\":\"BreadcrumbList\",\"@id\":\"https:\/\/www.israk-turizm.com\/tr\/parti-ve-etkinlik-koordinasyonu\/#breadcrumb\",\"itemListElement\":[{\"@type\":\"ListItem\",\"position\":1,\"name\":\"Home\",\"item\":\"https:\/\/www.israk-turizm.com\/\"},{\"@type\":\"ListItem\",\"position\":2,\"name\":\"Parti ve etkinlik planlama\"}]},{\"@type\":\"WebSite\",\"@id\":\"https:\/\/www.israk-turizm.com\/#website\",\"url\":\"https:\/\/www.israk-turizm.com\/\",\"name\":\"IshrakTayba\",\"description\":\"Just another WordPress site\",\"publisher\":{\"@id\":\"https:\/\/www.israk-turizm.com\/#organization\"},\"potentialAction\":[{\"@type\":\"SearchAction\",\"target\":{\"@type\":\"EntryPoint\",\"urlTemplate\":\"https:\/\/www.israk-turizm.com\/?s={search_term_string}\"},\"query-input\":{\"@type\":\"PropertyValueSpecification\",\"valueRequired\":true,\"valueName\":\"search_term_string\"}}],\"inLanguage\":\"tr\"},{\"@type\":\"Organization\",\"@id\":\"https:\/\/www.israk-turizm.com\/#organization\",\"name\":\"IshrakTayba\",\"url\":\"https:\/\/www.israk-turizm.com\/\",\"logo\":{\"@type\":\"ImageObject\",\"inLanguage\":\"tr\",\"@id\":\"https:\/\/www.israk-turizm.com\/#\/schema\/logo\/image\/\",\"url\":\"https:\/\/www.israk-turizm.com\/wp-content\/uploads\/2022\/09\/cropped-rsz_logos-01.png\",\"contentUrl\":\"https:\/\/www.israk-turizm.com\/wp-content\/uploads\/2022\/09\/cropped-rsz_logos-01.png\",\"width\":220,\"height\":52,\"caption\":\"IshrakTayba\"},\"image\":{\"@id\":\"https:\/\/www.israk-turizm.com\/#\/schema\/logo\/image\/\"}}]}<\/script>\n<!-- \/ Yoast SEO plugin. -->","yoast_head_json":{"title":"Parti ve etkinlik planlama - IshrakTayba","robots":{"index":"index","follow":"follow","max-snippet":"max-snippet:-1","max-image-preview":"max-image-preview:large","max-video-preview":"max-video-preview:-1"},"canonical":"https:\/\/www.israk-turizm.com\/tr\/parti-ve-etkinlik-koordinasyonu\/","og_locale":"tr_TR","og_type":"article","og_title":"Parti ve etkinlik planlama - IshrakTayba","og_description":"[vc_row][vc_column width=&#8221;1\/6&#8243;][\/vc_column][vc_column width=&#8221;2\/3&#8243;][vc_empty_space height=&#8221;50px&#8221;][vc_custom_heading text=&#8221;Parti ve etkinlik planlama&#8221; font_container=&#8221;tag:h2|text_align:center&#8221;][vc_column_text] Ishraq Taiba Turizm \u015eirketi olarak de\u011ferli ziyaret\u00e7ilerimizin arzulad\u0131\u011f\u0131 t\u00fcm turizm hizmetlerini sunmaya ve beklentilerini kar\u015f\u0131lamaya kararl\u0131y\u0131z. [\/vc_column_text][vc_empty_space height=&#8221;10&#8243;][vc_column_text] Bu nedenle, ba\u015far\u0131l\u0131 ortaklar\u0131m\u0131zdan biri olan Hello Party ile s\u00f6zle\u015fme yapt\u0131k ve anla\u015ft\u0131k. Bu \u015firket, kapsaml\u0131 deneyime, g\u00fcvenilirli\u011fe ve teslimat h\u0131z\u0131na sahip bir ekibin g\u00f6zetiminde y\u00fcksek kaliteli hizmetlerle [&hellip;]","og_url":"https:\/\/www.israk-turizm.com\/tr\/parti-ve-etkinlik-koordinasyonu\/","og_site_name":"IshrakTayba","article_modified_time":"2025-06-26T22:14:52+00:00","twitter_card":"summary_large_image","twitter_misc":{"Tahmini okuma s\u00fcresi":"2 dakika"},"schema":{"@context":"https:\/\/schema.org","@graph":[{"@type":"WebPage","@id":"https:\/\/www.israk-turizm.com\/tr\/parti-ve-etkinlik-koordinasyonu\/","url":"https:\/\/www.israk-turizm.com\/tr\/parti-ve-etkinlik-koordinasyonu\/","name":"Parti ve etkinlik planlama - IshrakTayba","isPartOf":{"@id":"https:\/\/www.israk-turizm.com\/#website"},"datePublished":"2023-01-31T13:48:11+00:00","dateModified":"2025-06-26T22:14:52+00:00","breadcrumb":{"@id":"https:\/\/www.israk-turizm.com\/tr\/parti-ve-etkinlik-koordinasyonu\/#breadcrumb"},"inLanguage":"tr","potentialAction":[{"@type":"ReadAction","target":["https:\/\/www.israk-turizm.com\/tr\/parti-ve-etkinlik-koordinasyonu\/"]}]},{"@type":"BreadcrumbList","@id":"https:\/\/www.israk-turizm.com\/tr\/parti-ve-etkinlik-koordinasyonu\/#breadcrumb","itemListElement":[{"@type":"ListItem","position":1,"name":"Home","item":"https:\/\/www.israk-turizm.com\/"},{"@type":"ListItem","position":2,"name":"Parti ve etkinlik planlama"}]},{"@type":"WebSite","@id":"https:\/\/www.israk-turizm.com\/#website","url":"https:\/\/www.israk-turizm.com\/","name":"IshrakTayba","description":"Just another WordPress site","publisher":{"@id":"https:\/\/www.israk-turizm.com\/#organization"},"potentialAction":[{"@type":"SearchAction","target":{"@type":"EntryPoint","urlTemplate":"https:\/\/www.israk-turizm.com\/?s={search_term_string}"},"query-input":{"@type":"PropertyValueSpecification","valueRequired":true,"valueName":"search_term_string"}}],"inLanguage":"tr"},{"@type":"Organization","@id":"https:\/\/www.israk-turizm.com\/#organization","name":"IshrakTayba","url":"https:\/\/www.israk-turizm.com\/","logo":{"@type":"ImageObject","inLanguage":"tr","@id":"https:\/\/www.israk-turizm.com\/#\/schema\/logo\/image\/","url":"https:\/\/www.israk-turizm.com\/wp-content\/uploads\/2022\/09\/cropped-rsz_logos-01.png","contentUrl":"https:\/\/www.israk-turizm.com\/wp-content\/uploads\/2022\/09\/cropped-rsz_logos-01.png","width":220,"height":52,"caption":"IshrakTayba"},"image":{"@id":"https:\/\/www.israk-turizm.com\/#\/schema\/logo\/image\/"}}]}},"jetpack_sharing_enabled":true,"_links":{"self":[{"href":"https:\/\/www.israk-turizm.com\/tr\/wp-json\/wp\/v2\/pages\/7043","targetHints":{"allow":["GET"]}}],"collection":[{"href":"https:\/\/www.israk-turizm.com\/tr\/wp-json\/wp\/v2\/pages"}],"about":[{"href":"https:\/\/www.israk-turizm.com\/tr\/wp-json\/wp\/v2\/types\/page"}],"author":[{"embeddable":true,"href":"https:\/\/www.israk-turizm.com\/tr\/wp-json\/wp\/v2\/users\/1"}],"replies":[{"embeddable":true,"href":"https:\/\/www.israk-turizm.com\/tr\/wp-json\/wp\/v2\/comments?post=7043"}],"version-history":[{"count":1,"href":"https:\/\/www.israk-turizm.com\/tr\/wp-json\/wp\/v2\/pages\/7043\/revisions"}],"predecessor-version":[{"id":7614,"href":"https:\/\/www.israk-turizm.com\/tr\/wp-json\/wp\/v2\/pages\/7043\/revisions\/7614"}],"wp:attachment":[{"href":"https:\/\/www.israk-turizm.com\/tr\/wp-json\/wp\/v2\/media?parent=7043"}],"curies":[{"name":"wp","href":"https:\/\/api.w.org\/{rel}","templated":true}]}}