{"id":7045,"date":"2022-09-03T08:33:59","date_gmt":"2022-09-03T08:33:59","guid":{"rendered":"https:\/\/www.israk-turizm.com\/ucus-rezervasyonlari\/"},"modified":"2025-06-28T14:23:42","modified_gmt":"2025-06-28T14:23:42","slug":"ucus-rezervasyonlari","status":"publish","type":"page","link":"https:\/\/www.israk-turizm.com\/tr\/ucus-rezervasyonlari\/","title":{"rendered":"U\u00e7u\u015f rezervasyonu"},"content":{"rendered":"<p>[vc_row][vc_column][vc_single_image image=&#8221;2646&#8243; img_size=&#8221;full&#8221; alignment=&#8221;center&#8221; style=&#8221;vc_box_rounded&#8221;][vc_empty_space][\/vc_column][\/vc_row][vc_row][vc_column][vc_custom_heading text=&#8221;U\u00e7u\u015f rezervasyonu&#8221; font_container=&#8221;tag:h2|text_align:right&#8221;][vc_column_text]<\/p>\n<p style=\"text-align: right;\"><span style=\"font-size: 14pt;\">Ishraq Taiba Turizm \u015eirketi olarak m\u00fc\u015fterilerimize en y\u00fcksek kalite standartlar\u0131na g\u00f6re hizmet sunmaya \u00f6zen g\u00f6steriyoruz. <\/span><span style=\"font-size: 14pt;\">Sizin i\u00e7in do\u011fru rezervasyonu \u00f6zenle se\u00e7erek ve rekabet\u00e7i fiyatlarla \u00e7e\u015fitli paketler sunarak.    <\/span><span style=\"font-size: 14pt;\">En \u00f6nemli yerel havayollar\u0131yla olan ba\u011flant\u0131lar\u0131m\u0131zdan ve en \u00f6nemli havayollar\u0131ndaki seyahat rezervasyonlar\u0131ndan yararlanarak  <\/span><span style=\"font-size: 14pt;\">Uluslararas\u0131 havayollar\u0131, sundu\u011fumuz hizmetlere paralel olarak <span style=\"color: #ff0000;\"><a style=\"color: #ff0000;\" href=\"https:\/\/www.israk-turizm.com\/index.php\/2022\/08\/05\/daily-tour-within-istanbul\/\">g\u00fcnl\u00fck turlar<\/a><\/span>ve  <\/span><span style=\"font-size: 14pt;\">ve<span style=\"color: #ff0000;\"><a style=\"color: #ff0000;\" href=\"https:\/\/www.israk-turizm.com\/index.php\/hotel-reservations\/\">otel rezervasyonlar\u0131Ve \u00fcst d\u00fczey ula\u015f\u0131m hizmetleri.<\/a><\/span><\/span><\/p>\n<p>[\/vc_column_text][\/vc_column][\/vc_row][vc_row][vc_column width=&#8221;1\/4&#8243;][\/vc_column][vc_column width=&#8221;1\/2&#8243;][vc_row_inner][vc_column_inner width=&#8221;1\/5&#8243;][vc_icon icon_fontawesome=&#8221;fab fa-whatsapp&#8221; color=&#8221;green&#8221; size=&#8221;lg&#8221; align=&#8221;center&#8221; link=&#8221;url:http%3A%2F%2Fwa.me%2F905348700288|target:_blank&#8221;][\/vc_column_inner][vc_column_inner width=&#8221;1\/5&#8243;][vc_icon icon_fontawesome=&#8221;fab fa-whatsapp&#8221; color=&#8221;green&#8221; size=&#8221;lg&#8221; align=&#8221;center&#8221; link=&#8221;url:http%3A%2F%2Fwa.me%2F905348700288|target:_blank&#8221;][\/vc_column_inner][vc_column_inner width=&#8221;1\/5&#8243;][vc_icon icon_fontawesome=&#8221;fab fa-facebook-square&#8221; size=&#8221;lg&#8221; align=&#8221;center&#8221; link=&#8221;url:https%3A%2F%2Fwww.facebook.com%2Fisrak_turizm-100811174854112%2F|target:_blank&#8221;][\/vc_column_inner][vc_column_inner width=&#8221;1\/5&#8243;][vc_icon icon_fontawesome=&#8221;fab fa-instagram&#8221; color=&#8221;sandy_brown&#8221; size=&#8221;lg&#8221; align=&#8221;center&#8221; link=&#8221;url:https%3A%2F%2Fwww.instagram.com%2Fisrak_turizm%2F|target:_blank&#8221;][\/vc_column_inner][vc_column_inner width=&#8221;1\/5&#8243;][vc_icon icon_fontawesome=&#8221;fas fa-map-marker-alt&#8221; color=&#8221;custom&#8221; size=&#8221;lg&#8221; align=&#8221;center&#8221; custom_color=&#8221;#ff0000&#8243; link=&#8221;url:https%3A%2F%2Fgoo.gl%2Fmaps%2F6EJR5thiWBnUsjuKA|target:_blank&#8221;][\/vc_column_inner][\/vc_row_inner][\/vc_column][vc_column width=&#8221;1\/4&#8243;][\/vc_column][\/vc_row]<\/p>\n","protected":false},"excerpt":{"rendered":"<p>[vc_row][vc_column][vc_single_image image=&#8221;2646&#8243; img_size=&#8221;full&#8221; alignment=&#8221;center&#8221; style=&#8221;vc_box_rounded&#8221;][vc_empty_space][\/vc_column][\/vc_row][vc_row][vc_column][vc_custom_heading text=&#8221;U\u00e7u\u015f rezervasyonu&#8221; font_container=&#8221;tag:h2|text_align:right&#8221;][vc_column_text] Ishraq Taiba Turizm \u015eirketi olarak m\u00fc\u015fterilerimize en y\u00fcksek kalite standartlar\u0131na g\u00f6re hizmet sunmaya \u00f6zen g\u00f6steriyoruz. Sizin i\u00e7in do\u011fru rezervasyonu \u00f6zenle se\u00e7erek ve rekabet\u00e7i fiyatlarla \u00e7e\u015fitli paketler sunarak. En \u00f6nemli yerel havayollar\u0131yla olan ba\u011flant\u0131lar\u0131m\u0131zdan ve en \u00f6nemli havayollar\u0131ndaki seyahat rezervasyonlar\u0131ndan yararlanarak Uluslararas\u0131 havayollar\u0131, sundu\u011fumuz hizmetlere paralel olarak g\u00fcnl\u00fck [&hellip;]<\/p>\n","protected":false},"author":2,"featured_media":0,"parent":0,"menu_order":0,"comment_status":"closed","ping_status":"closed","template":"","meta":{"footnotes":""},"class_list":["post-7045","page","type-page","status-publish","hentry"],"yoast_head":"<!-- This site is optimized with the Yoast SEO plugin v25.3.1 - https:\/\/yoast.com\/wordpress\/plugins\/seo\/ -->\n<title>U\u00e7u\u015f rezervasyonu - IshrakTayba<\/title>\n<meta name=\"description\" content=\"U\u00e7u\u015f rezervasyonu\" \/>\n<meta name=\"robots\" content=\"index, follow, max-snippet:-1, max-image-preview:large, max-video-preview:-1\" \/>\n<link rel=\"canonical\" href=\"https:\/\/www.israk-turizm.com\/tr\/ucus-rezervasyonlari\/\" \/>\n<meta property=\"og:locale\" content=\"tr_TR\" \/>\n<meta property=\"og:type\" content=\"article\" \/>\n<meta property=\"og:title\" content=\"U\u00e7u\u015f rezervasyonu - IshrakTayba\" \/>\n<meta property=\"og:description\" content=\"U\u00e7u\u015f rezervasyonu\" \/>\n<meta property=\"og:url\" content=\"https:\/\/www.israk-turizm.com\/tr\/ucus-rezervasyonlari\/\" \/>\n<meta property=\"og:site_name\" content=\"IshrakTayba\" \/>\n<meta property=\"article:modified_time\" content=\"2025-06-28T14:23:42+00:00\" \/>\n<meta name=\"twitter:card\" content=\"summary_large_image\" \/>\n<meta name=\"twitter:label1\" content=\"Tahmini okuma s\u00fcresi\" \/>\n\t<meta name=\"twitter:data1\" content=\"2 dakika\" \/>\n<script type=\"application\/ld+json\" class=\"yoast-schema-graph\">{\"@context\":\"https:\/\/schema.org\",\"@graph\":[{\"@type\":\"WebPage\",\"@id\":\"https:\/\/www.israk-turizm.com\/tr\/ucus-rezervasyonlari\/\",\"url\":\"https:\/\/www.israk-turizm.com\/tr\/ucus-rezervasyonlari\/\",\"name\":\"U\u00e7u\u015f rezervasyonu - IshrakTayba\",\"isPartOf\":{\"@id\":\"https:\/\/www.israk-turizm.com\/#website\"},\"datePublished\":\"2022-09-03T08:33:59+00:00\",\"dateModified\":\"2025-06-28T14:23:42+00:00\",\"description\":\"U\u00e7u\u015f rezervasyonu\",\"breadcrumb\":{\"@id\":\"https:\/\/www.israk-turizm.com\/tr\/ucus-rezervasyonlari\/#breadcrumb\"},\"inLanguage\":\"tr\",\"potentialAction\":[{\"@type\":\"ReadAction\",\"target\":[\"https:\/\/www.israk-turizm.com\/tr\/ucus-rezervasyonlari\/\"]}]},{\"@type\":\"BreadcrumbList\",\"@id\":\"https:\/\/www.israk-turizm.com\/tr\/ucus-rezervasyonlari\/#breadcrumb\",\"itemListElement\":[{\"@type\":\"ListItem\",\"position\":1,\"name\":\"Home\",\"item\":\"https:\/\/www.israk-turizm.com\/\"},{\"@type\":\"ListItem\",\"position\":2,\"name\":\"U\u00e7u\u015f rezervasyonu\"}]},{\"@type\":\"WebSite\",\"@id\":\"https:\/\/www.israk-turizm.com\/#website\",\"url\":\"https:\/\/www.israk-turizm.com\/\",\"name\":\"IshrakTayba\",\"description\":\"Just another WordPress site\",\"publisher\":{\"@id\":\"https:\/\/www.israk-turizm.com\/#organization\"},\"potentialAction\":[{\"@type\":\"SearchAction\",\"target\":{\"@type\":\"EntryPoint\",\"urlTemplate\":\"https:\/\/www.israk-turizm.com\/?s={search_term_string}\"},\"query-input\":{\"@type\":\"PropertyValueSpecification\",\"valueRequired\":true,\"valueName\":\"search_term_string\"}}],\"inLanguage\":\"tr\"},{\"@type\":\"Organization\",\"@id\":\"https:\/\/www.israk-turizm.com\/#organization\",\"name\":\"IshrakTayba\",\"url\":\"https:\/\/www.israk-turizm.com\/\",\"logo\":{\"@type\":\"ImageObject\",\"inLanguage\":\"tr\",\"@id\":\"https:\/\/www.israk-turizm.com\/#\/schema\/logo\/image\/\",\"url\":\"https:\/\/www.israk-turizm.com\/wp-content\/uploads\/2022\/09\/cropped-rsz_logos-01.png\",\"contentUrl\":\"https:\/\/www.israk-turizm.com\/wp-content\/uploads\/2022\/09\/cropped-rsz_logos-01.png\",\"width\":220,\"height\":52,\"caption\":\"IshrakTayba\"},\"image\":{\"@id\":\"https:\/\/www.israk-turizm.com\/#\/schema\/logo\/image\/\"}}]}<\/script>\n<!-- \/ Yoast SEO plugin. -->","yoast_head_json":{"title":"U\u00e7u\u015f rezervasyonu - IshrakTayba","description":"U\u00e7u\u015f rezervasyonu","robots":{"index":"index","follow":"follow","max-snippet":"max-snippet:-1","max-image-preview":"max-image-preview:large","max-video-preview":"max-video-preview:-1"},"canonical":"https:\/\/www.israk-turizm.com\/tr\/ucus-rezervasyonlari\/","og_locale":"tr_TR","og_type":"article","og_title":"U\u00e7u\u015f rezervasyonu - IshrakTayba","og_description":"U\u00e7u\u015f rezervasyonu","og_url":"https:\/\/www.israk-turizm.com\/tr\/ucus-rezervasyonlari\/","og_site_name":"IshrakTayba","article_modified_time":"2025-06-28T14:23:42+00:00","twitter_card":"summary_large_image","twitter_misc":{"Tahmini okuma s\u00fcresi":"2 dakika"},"schema":{"@context":"https:\/\/schema.org","@graph":[{"@type":"WebPage","@id":"https:\/\/www.israk-turizm.com\/tr\/ucus-rezervasyonlari\/","url":"https:\/\/www.israk-turizm.com\/tr\/ucus-rezervasyonlari\/","name":"U\u00e7u\u015f rezervasyonu - IshrakTayba","isPartOf":{"@id":"https:\/\/www.israk-turizm.com\/#website"},"datePublished":"2022-09-03T08:33:59+00:00","dateModified":"2025-06-28T14:23:42+00:00","description":"U\u00e7u\u015f rezervasyonu","breadcrumb":{"@id":"https:\/\/www.israk-turizm.com\/tr\/ucus-rezervasyonlari\/#breadcrumb"},"inLanguage":"tr","potentialAction":[{"@type":"ReadAction","target":["https:\/\/www.israk-turizm.com\/tr\/ucus-rezervasyonlari\/"]}]},{"@type":"BreadcrumbList","@id":"https:\/\/www.israk-turizm.com\/tr\/ucus-rezervasyonlari\/#breadcrumb","itemListElement":[{"@type":"ListItem","position":1,"name":"Home","item":"https:\/\/www.israk-turizm.com\/"},{"@type":"ListItem","position":2,"name":"U\u00e7u\u015f rezervasyonu"}]},{"@type":"WebSite","@id":"https:\/\/www.israk-turizm.com\/#website","url":"https:\/\/www.israk-turizm.com\/","name":"IshrakTayba","description":"Just another WordPress site","publisher":{"@id":"https:\/\/www.israk-turizm.com\/#organization"},"potentialAction":[{"@type":"SearchAction","target":{"@type":"EntryPoint","urlTemplate":"https:\/\/www.israk-turizm.com\/?s={search_term_string}"},"query-input":{"@type":"PropertyValueSpecification","valueRequired":true,"valueName":"search_term_string"}}],"inLanguage":"tr"},{"@type":"Organization","@id":"https:\/\/www.israk-turizm.com\/#organization","name":"IshrakTayba","url":"https:\/\/www.israk-turizm.com\/","logo":{"@type":"ImageObject","inLanguage":"tr","@id":"https:\/\/www.israk-turizm.com\/#\/schema\/logo\/image\/","url":"https:\/\/www.israk-turizm.com\/wp-content\/uploads\/2022\/09\/cropped-rsz_logos-01.png","contentUrl":"https:\/\/www.israk-turizm.com\/wp-content\/uploads\/2022\/09\/cropped-rsz_logos-01.png","width":220,"height":52,"caption":"IshrakTayba"},"image":{"@id":"https:\/\/www.israk-turizm.com\/#\/schema\/logo\/image\/"}}]}},"jetpack_sharing_enabled":true,"_links":{"self":[{"href":"https:\/\/www.israk-turizm.com\/tr\/wp-json\/wp\/v2\/pages\/7045","targetHints":{"allow":["GET"]}}],"collection":[{"href":"https:\/\/www.israk-turizm.com\/tr\/wp-json\/wp\/v2\/pages"}],"about":[{"href":"https:\/\/www.israk-turizm.com\/tr\/wp-json\/wp\/v2\/types\/page"}],"author":[{"embeddable":true,"href":"https:\/\/www.israk-turizm.com\/tr\/wp-json\/wp\/v2\/users\/2"}],"replies":[{"embeddable":true,"href":"https:\/\/www.israk-turizm.com\/tr\/wp-json\/wp\/v2\/comments?post=7045"}],"version-history":[{"count":1,"href":"https:\/\/www.israk-turizm.com\/tr\/wp-json\/wp\/v2\/pages\/7045\/revisions"}],"predecessor-version":[{"id":7615,"href":"https:\/\/www.israk-turizm.com\/tr\/wp-json\/wp\/v2\/pages\/7045\/revisions\/7615"}],"wp:attachment":[{"href":"https:\/\/www.israk-turizm.com\/tr\/wp-json\/wp\/v2\/media?parent=7045"}],"curies":[{"name":"wp","href":"https:\/\/api.w.org\/{rel}","templated":true}]}}