{"id":7055,"date":"2022-08-05T12:29:05","date_gmt":"2022-08-05T12:29:05","guid":{"rendered":"https:\/\/www.israk-turizm.com\/aile-arabalari\/"},"modified":"2025-06-28T20:12:26","modified_gmt":"2025-06-28T20:12:26","slug":"aile-arabalari","status":"publish","type":"page","link":"https:\/\/www.israk-turizm.com\/tr\/aile-arabalari\/","title":{"rendered":"aile arabalar\u0131"},"content":{"rendered":"<p>[vc_row gap=&#8221;25&#8243;][vc_column width=&#8221;1\/2&#8243; css=&#8221;.vc_custom_1659701389909{background-color: #eeeeee !important;}&#8221;][vc_custom_heading text=&#8221;Tucson 2020&#8243; font_container=&#8221;tag:h3|text_align:center&#8221;][vc_gallery interval=&#8221;3&#8243; images=&#8221;2128,2130,2132,2134,2136,2138,2140&#8243; img_size=&#8221;full&#8221;][vc_column_text]<\/p>\n<div dir=\"auto\"><span style=\"font-size: 14pt; font-family: helvetica;\">Tucson &#8211; 2020 MY<\/span><\/div>\n<div dir=\"auto\"><span style=\"font-size: 14pt; font-family: helvetica;\">Dizel<\/span><\/div>\n<div dir=\"auto\"><span style=\"font-size: 14pt; font-family: helvetica;\">N Line Plus Paket<\/span><\/div>\n<div dir=\"auto\"><span style=\"font-size: 14pt; font-family: helvetica;\">4WD<\/span><\/div>\n<div dir=\"auto\"><span style=\"font-size: 14pt; font-family: helvetica;\">90000 KM &#8211; Boya 0<\/span><\/div>\n<div dir=\"auto\"><span style=\"font-size: 14pt; font-family: helvetica;\">Hasar 25000 TL<\/span><\/div>\n<p>[\/vc_column_text][\/vc_column][vc_column width=&#8221;1\/2&#8243; css=&#8221;.vc_custom_1659701382022{background-color: #eeeeee !important;}&#8221;][vc_custom_heading text=&#8221;Vito 119 Bluetec&#8221; font_container=&#8221;tag:h3|text_align:center&#8221;][vc_gallery interval=&#8221;3&#8243; images=&#8221;2305,2307,2309,2311,2313,2315,2317,2319&#8243; img_size=&#8221;full&#8221;][vc_column_text]<\/p>\n<div dir=\"auto\"><span style=\"font-size: 14pt;\">Vito 119 Bluetec<\/span><\/div>\n<div dir=\"auto\"><span style=\"font-size: 14pt;\">Dizel 2200 cc<\/span><\/div>\n<div dir=\"auto\"><span style=\"font-size: 14pt;\">Otomatik<\/span><\/div>\n<div dir=\"auto\"><span style=\"font-size: 14pt;\">Otomobil ruhsat 8+1<\/span><\/div>\n<div dir=\"auto\"><span style=\"font-size: 14pt;\">144000 KM<\/span><\/div>\n<div dir=\"auto\"><span style=\"font-size: 14pt;\">2015 MY<\/span><\/div>\n<div dir=\"auto\"><span style=\"font-size: 14pt;\">Boya 1 par\u00e7a &#8211; Hasar 0<\/span><\/div>\n<p>[\/vc_column_text][\/vc_column][\/vc_row][vc_row][vc_column][vc_empty_space height=&#8221;20px&#8221;][\/vc_column][\/vc_row][vc_row][vc_column][vc_empty_space height=&#8221;50px&#8221;][\/vc_column][\/vc_row][vc_row][vc_column width=&#8221;1\/4&#8243;][\/vc_column][vc_column width=&#8221;1\/2&#8243;][vc_row_inner][vc_column_inner width=&#8221;1\/4&#8243;][vc_icon icon_fontawesome=&#8221;fab fa-whatsapp&#8221; color=&#8221;green&#8221; size=&#8221;lg&#8221; align=&#8221;center&#8221; link=&#8221;url:https%3A%2F%2Fwa.me%2F%2B905318554481|target:_blank&#8221;][\/vc_column_inner][vc_column_inner width=&#8221;1\/4&#8243;][vc_icon icon_fontawesome=&#8221;fab fa-facebook-square&#8221; size=&#8221;lg&#8221; align=&#8221;center&#8221; link=&#8221;url:https%3A%2F%2Fwww.facebook.com%2FADNAN-GRUP-AUTO-100340098612458%2F|target:_blank&#8221;][\/vc_column_inner][vc_column_inner width=&#8221;1\/4&#8243;][vc_icon icon_fontawesome=&#8221;fab fa-instagram&#8221; color=&#8221;sandy_brown&#8221; size=&#8221;lg&#8221; align=&#8221;center&#8221; link=&#8221;url:https%3A%2F%2Fwww.instagram.com%2Fadnan_grup_auto%2F|target:_blank&#8221;][\/vc_column_inner][vc_column_inner width=&#8221;1\/4&#8243;][vc_icon icon_fontawesome=&#8221;fas fa-map-marker-alt&#8221; color=&#8221;custom&#8221; size=&#8221;lg&#8221; align=&#8221;center&#8221; custom_color=&#8221;#ff0000&#8243; link=&#8221;url:https%3A%2F%2Fgoo.gl%2Fmaps%2FwRkb4RPQ9eM6xGoD8|target:_blank&#8221;][\/vc_column_inner][\/vc_row_inner][\/vc_column][vc_column width=&#8221;1\/4&#8243;][\/vc_column][\/vc_row]<\/p>\n","protected":false},"excerpt":{"rendered":"<p>[vc_row gap=&#8221;25&#8243;][vc_column width=&#8221;1\/2&#8243; css=&#8221;.vc_custom_1659701389909{background-color: #eeeeee !important;}&#8221;][vc_custom_heading text=&#8221;Tucson 2020&#8243; font_container=&#8221;tag:h3|text_align:center&#8221;][vc_gallery interval=&#8221;3&#8243; images=&#8221;2128,2130,2132,2134,2136,2138,2140&#8243; img_size=&#8221;full&#8221;][vc_column_text] Tucson &#8211; 2020 MY Dizel N Line Plus Paket 4WD 90000 KM &#8211; Boya 0 Hasar 25000 TL [\/vc_column_text][\/vc_column][vc_column width=&#8221;1\/2&#8243; css=&#8221;.vc_custom_1659701382022{background-color: #eeeeee !important;}&#8221;][vc_custom_heading text=&#8221;Vito 119 Bluetec&#8221; font_container=&#8221;tag:h3|text_align:center&#8221;][vc_gallery interval=&#8221;3&#8243; images=&#8221;2305,2307,2309,2311,2313,2315,2317,2319&#8243; img_size=&#8221;full&#8221;][vc_column_text] Vito 119 Bluetec Dizel 2200 cc Otomatik Otomobil ruhsat 8+1 144000 KM 2015 [&hellip;]<\/p>\n","protected":false},"author":2,"featured_media":0,"parent":0,"menu_order":0,"comment_status":"closed","ping_status":"closed","template":"","meta":{"footnotes":""},"class_list":["post-7055","page","type-page","status-publish","hentry"],"yoast_head":"<!-- This site is optimized with the Yoast SEO plugin v25.3.1 - https:\/\/yoast.com\/wordpress\/plugins\/seo\/ -->\n<title>aile arabalar\u0131 - IshrakTayba<\/title>\n<meta name=\"description\" content=\"Sat\u0131l\u0131k aile arabalar\u0131\" \/>\n<meta name=\"robots\" content=\"index, follow, max-snippet:-1, max-image-preview:large, max-video-preview:-1\" \/>\n<link rel=\"canonical\" href=\"https:\/\/www.israk-turizm.com\/tr\/aile-arabalari\/\" \/>\n<meta property=\"og:locale\" content=\"tr_TR\" \/>\n<meta property=\"og:type\" content=\"article\" \/>\n<meta property=\"og:title\" content=\"aile arabalar\u0131 - IshrakTayba\" \/>\n<meta property=\"og:description\" content=\"Sat\u0131l\u0131k aile arabalar\u0131\" \/>\n<meta property=\"og:url\" content=\"https:\/\/www.israk-turizm.com\/tr\/aile-arabalari\/\" \/>\n<meta property=\"og:site_name\" content=\"IshrakTayba\" \/>\n<meta property=\"article:modified_time\" content=\"2025-06-28T20:12:26+00:00\" \/>\n<meta name=\"twitter:card\" content=\"summary_large_image\" \/>\n<meta name=\"twitter:label1\" content=\"Tahmini okuma s\u00fcresi\" \/>\n\t<meta name=\"twitter:data1\" content=\"1 dakika\" \/>\n<script type=\"application\/ld+json\" class=\"yoast-schema-graph\">{\"@context\":\"https:\/\/schema.org\",\"@graph\":[{\"@type\":\"WebPage\",\"@id\":\"https:\/\/www.israk-turizm.com\/tr\/aile-arabalari\/\",\"url\":\"https:\/\/www.israk-turizm.com\/tr\/aile-arabalari\/\",\"name\":\"aile arabalar\u0131 - IshrakTayba\",\"isPartOf\":{\"@id\":\"https:\/\/www.israk-turizm.com\/#website\"},\"datePublished\":\"2022-08-05T12:29:05+00:00\",\"dateModified\":\"2025-06-28T20:12:26+00:00\",\"description\":\"Sat\u0131l\u0131k aile arabalar\u0131\",\"breadcrumb\":{\"@id\":\"https:\/\/www.israk-turizm.com\/tr\/aile-arabalari\/#breadcrumb\"},\"inLanguage\":\"tr\",\"potentialAction\":[{\"@type\":\"ReadAction\",\"target\":[\"https:\/\/www.israk-turizm.com\/tr\/aile-arabalari\/\"]}]},{\"@type\":\"BreadcrumbList\",\"@id\":\"https:\/\/www.israk-turizm.com\/tr\/aile-arabalari\/#breadcrumb\",\"itemListElement\":[{\"@type\":\"ListItem\",\"position\":1,\"name\":\"Home\",\"item\":\"https:\/\/www.israk-turizm.com\/\"},{\"@type\":\"ListItem\",\"position\":2,\"name\":\"aile arabalar\u0131\"}]},{\"@type\":\"WebSite\",\"@id\":\"https:\/\/www.israk-turizm.com\/#website\",\"url\":\"https:\/\/www.israk-turizm.com\/\",\"name\":\"IshrakTayba\",\"description\":\"Just another WordPress site\",\"publisher\":{\"@id\":\"https:\/\/www.israk-turizm.com\/#organization\"},\"potentialAction\":[{\"@type\":\"SearchAction\",\"target\":{\"@type\":\"EntryPoint\",\"urlTemplate\":\"https:\/\/www.israk-turizm.com\/?s={search_term_string}\"},\"query-input\":{\"@type\":\"PropertyValueSpecification\",\"valueRequired\":true,\"valueName\":\"search_term_string\"}}],\"inLanguage\":\"tr\"},{\"@type\":\"Organization\",\"@id\":\"https:\/\/www.israk-turizm.com\/#organization\",\"name\":\"IshrakTayba\",\"url\":\"https:\/\/www.israk-turizm.com\/\",\"logo\":{\"@type\":\"ImageObject\",\"inLanguage\":\"tr\",\"@id\":\"https:\/\/www.israk-turizm.com\/#\/schema\/logo\/image\/\",\"url\":\"https:\/\/www.israk-turizm.com\/wp-content\/uploads\/2022\/09\/cropped-rsz_logos-01.png\",\"contentUrl\":\"https:\/\/www.israk-turizm.com\/wp-content\/uploads\/2022\/09\/cropped-rsz_logos-01.png\",\"width\":220,\"height\":52,\"caption\":\"IshrakTayba\"},\"image\":{\"@id\":\"https:\/\/www.israk-turizm.com\/#\/schema\/logo\/image\/\"}}]}<\/script>\n<!-- \/ Yoast SEO plugin. -->","yoast_head_json":{"title":"aile arabalar\u0131 - IshrakTayba","description":"Sat\u0131l\u0131k aile arabalar\u0131","robots":{"index":"index","follow":"follow","max-snippet":"max-snippet:-1","max-image-preview":"max-image-preview:large","max-video-preview":"max-video-preview:-1"},"canonical":"https:\/\/www.israk-turizm.com\/tr\/aile-arabalari\/","og_locale":"tr_TR","og_type":"article","og_title":"aile arabalar\u0131 - IshrakTayba","og_description":"Sat\u0131l\u0131k aile arabalar\u0131","og_url":"https:\/\/www.israk-turizm.com\/tr\/aile-arabalari\/","og_site_name":"IshrakTayba","article_modified_time":"2025-06-28T20:12:26+00:00","twitter_card":"summary_large_image","twitter_misc":{"Tahmini okuma s\u00fcresi":"1 dakika"},"schema":{"@context":"https:\/\/schema.org","@graph":[{"@type":"WebPage","@id":"https:\/\/www.israk-turizm.com\/tr\/aile-arabalari\/","url":"https:\/\/www.israk-turizm.com\/tr\/aile-arabalari\/","name":"aile arabalar\u0131 - IshrakTayba","isPartOf":{"@id":"https:\/\/www.israk-turizm.com\/#website"},"datePublished":"2022-08-05T12:29:05+00:00","dateModified":"2025-06-28T20:12:26+00:00","description":"Sat\u0131l\u0131k aile arabalar\u0131","breadcrumb":{"@id":"https:\/\/www.israk-turizm.com\/tr\/aile-arabalari\/#breadcrumb"},"inLanguage":"tr","potentialAction":[{"@type":"ReadAction","target":["https:\/\/www.israk-turizm.com\/tr\/aile-arabalari\/"]}]},{"@type":"BreadcrumbList","@id":"https:\/\/www.israk-turizm.com\/tr\/aile-arabalari\/#breadcrumb","itemListElement":[{"@type":"ListItem","position":1,"name":"Home","item":"https:\/\/www.israk-turizm.com\/"},{"@type":"ListItem","position":2,"name":"aile arabalar\u0131"}]},{"@type":"WebSite","@id":"https:\/\/www.israk-turizm.com\/#website","url":"https:\/\/www.israk-turizm.com\/","name":"IshrakTayba","description":"Just another WordPress site","publisher":{"@id":"https:\/\/www.israk-turizm.com\/#organization"},"potentialAction":[{"@type":"SearchAction","target":{"@type":"EntryPoint","urlTemplate":"https:\/\/www.israk-turizm.com\/?s={search_term_string}"},"query-input":{"@type":"PropertyValueSpecification","valueRequired":true,"valueName":"search_term_string"}}],"inLanguage":"tr"},{"@type":"Organization","@id":"https:\/\/www.israk-turizm.com\/#organization","name":"IshrakTayba","url":"https:\/\/www.israk-turizm.com\/","logo":{"@type":"ImageObject","inLanguage":"tr","@id":"https:\/\/www.israk-turizm.com\/#\/schema\/logo\/image\/","url":"https:\/\/www.israk-turizm.com\/wp-content\/uploads\/2022\/09\/cropped-rsz_logos-01.png","contentUrl":"https:\/\/www.israk-turizm.com\/wp-content\/uploads\/2022\/09\/cropped-rsz_logos-01.png","width":220,"height":52,"caption":"IshrakTayba"},"image":{"@id":"https:\/\/www.israk-turizm.com\/#\/schema\/logo\/image\/"}}]}},"jetpack_sharing_enabled":true,"_links":{"self":[{"href":"https:\/\/www.israk-turizm.com\/tr\/wp-json\/wp\/v2\/pages\/7055","targetHints":{"allow":["GET"]}}],"collection":[{"href":"https:\/\/www.israk-turizm.com\/tr\/wp-json\/wp\/v2\/pages"}],"about":[{"href":"https:\/\/www.israk-turizm.com\/tr\/wp-json\/wp\/v2\/types\/page"}],"author":[{"embeddable":true,"href":"https:\/\/www.israk-turizm.com\/tr\/wp-json\/wp\/v2\/users\/2"}],"replies":[{"embeddable":true,"href":"https:\/\/www.israk-turizm.com\/tr\/wp-json\/wp\/v2\/comments?post=7055"}],"version-history":[{"count":1,"href":"https:\/\/www.israk-turizm.com\/tr\/wp-json\/wp\/v2\/pages\/7055\/revisions"}],"predecessor-version":[{"id":7620,"href":"https:\/\/www.israk-turizm.com\/tr\/wp-json\/wp\/v2\/pages\/7055\/revisions\/7620"}],"wp:attachment":[{"href":"https:\/\/www.israk-turizm.com\/tr\/wp-json\/wp\/v2\/media?parent=7055"}],"curies":[{"name":"wp","href":"https:\/\/api.w.org\/{rel}","templated":true}]}}