{"id":7075,"date":"2022-06-19T20:46:22","date_gmt":"2022-06-19T20:46:22","guid":{"rendered":"https:\/\/www.israk-turizm.com\/biz-kimiz\/"},"modified":"2022-06-19T20:46:22","modified_gmt":"2022-06-19T20:46:22","slug":"biz-kimiz","status":"publish","type":"page","link":"https:\/\/www.israk-turizm.com\/tr\/biz-kimiz\/","title":{"rendered":"Biz Kimiz"},"content":{"rendered":"<p>[vc_row][vc_column][vc_empty_space][vc_separator][vc_custom_heading text=&#8221;Biz Kimiz&#8221; font_container=&#8221;tag:h2|text_align:center&#8221;][vc_separator][vc_column_text]<\/p>\n<p style=\"text-align: center;\"><span style=\"font-size: 14pt;\">2016 y\u0131l\u0131nda kurulan Eshraq, o tarihten bu yana \u00f6ncelikli olarak turizm hizmetleri sunmaya odaklanm\u0131\u015ft\u0131r. <\/span><\/p>\n<p style=\"text-align: center;\"><span style=\"font-size: 14pt;\">\u015eirket, uzmanl\u0131\u011f\u0131 sayesinde binlerce turiste hizmet sunabilmi\u015ftir<\/span><\/p>\n<p style=\"text-align: center;\"><span style=\"font-size: 14pt;\">Orta Do\u011fu \u201cdan Avrupa\u201d ya, Kanada \u201cdan Amerika\u201d ya d\u00fcnyan\u0131n her yerinden.<\/span><\/p>\n<p>&nbsp;<\/p>\n<p style=\"text-align: center;\"><span style=\"font-size: 14pt;\">Eshraq, eksiksiz bir \u00fcr\u00fcn yelpazesi sunan az say\u0131daki \u015firketten biridir.<\/span><\/p>\n<p style=\"text-align: center;\"><span style=\"font-size: 14pt;\">esnek ve verimli \u00e7\u00f6z\u00fcmler bulma yetene\u011fi sayesinde T\u00fcrkiye genelinde turizm hizmetlerinin<\/span><\/p>\n<p style=\"text-align: center;\"><span style=\"font-size: 14pt;\">M\u00fc\u015fterilerini rahatlat\u0131r, ortaklar\u0131na yard\u0131mc\u0131 olur ve i\u015flerini kolayla\u015ft\u0131r\u0131r.<\/span><\/p>\n<p>[\/vc_column_text][vc_empty_space][vc_separator][vc_custom_heading text=&#8221;Temel de\u011ferlerimiz:&#8221; font_container=&#8221;tag:h2|text_align:center&#8221;][vc_column_text]<\/p>\n<p style=\"text-align: center;\"><span style=\"font-size: 14pt;\">M\u00fc\u015fterilerimizin ihtiya\u00e7lar\u0131n\u0131 kar\u015f\u0131lamak en \u00f6nemli \u00f6nceli\u011fimiz oldu\u011fundan, misafirlerimizi mutlu ve memnun etmeyi hedefliyoruz. <\/span><\/p>\n<p style=\"text-align: center;\"><span style=\"font-size: 14pt;\">Amac\u0131m\u0131z her zaman ola\u011fan\u00fcst\u00fc d\u00fczeyde hizmet sunmakt\u0131r.<\/span><\/p>\n<p style=\"text-align: center;\"><strong><span style=\"font-size: 14pt;\">M\u00fckemmellik taahh\u00fcd\u00fcm\u00fcz<\/span><\/strong><\/p>\n<p style=\"text-align: center;\"><span style=\"font-size: 14pt;\">Turizm hizmetleri sunan \u015firketler aras\u0131ndaki k\u0131yas\u0131ya rekabet.<\/span><\/p>\n<p style=\"text-align: center;\"><span style=\"font-size: 14pt;\">Turistler i\u00e7in en \u00fcst d\u00fczeyde sa\u011fl\u0131k ve g\u00fcvenlik sa\u011flamaya \u00e7al\u0131\u015f\u0131yoruz.<\/span><\/p>\n<p style=\"text-align: center;\"><span style=\"font-size: 14pt;\">K\u00fcresel sa\u011fl\u0131k standartlar\u0131na ba\u011fl\u0131l\u0131\u011f\u0131m\u0131z sayesinde.<\/span><\/p>\n<p>[\/vc_column_text][vc_empty_space][vc_separator][vc_custom_heading text=&#8221;G\u00fcvenilirlik:&#8221; font_container=&#8221;tag:h2|text_align:center&#8221;][vc_column_text]<\/p>\n<p style=\"text-align: center;\"><span style=\"font-size: 14pt;\">D\u00fcr\u00fcstl\u00fc\u011fe olan ba\u011fl\u0131l\u0131\u011f\u0131m\u0131z sayesinde, siz de\u011ferli m\u00fc\u015fterilerimizle olan ili\u015fkilerimizi i\u015f ortaklar\u0131na d\u00f6n\u00fc\u015ft\u00fcrmeyi ba\u015fard\u0131k <\/span><\/p>\n<p style=\"text-align: center;\"><span style=\"font-size: 14pt;\">Kar\u015f\u0131l\u0131kl\u0131 g\u00fcven kazanarak ve d\u00fcr\u00fcstl\u00fc\u011fe dayal\u0131 uzun vadeli, verimli ili\u015fkiler kurarak<\/span><\/p>\n<p style=\"text-align: center;\"><span style=\"font-size: 14pt;\">Ortaklar\u0131m\u0131zla a\u00e7\u0131k ileti\u015fimi te\u015fvik ederek, bir\u00e7ok ba\u015far\u0131 orta\u011f\u0131 taraf\u0131ndan en \u00e7ok g\u00fcvenilen \u015firketlerden biri haline geldik <\/span><\/p>\n<p style=\"text-align: center;\"><span style=\"font-size: 14pt;\">Arap K\u00f6rfezi b\u00f6lgesinde, Asya&#8217;da, Kuzey Afrika&#8217;da ve hatta Avrupa&#8217;da.<\/span><\/p>\n<p>[\/vc_column_text][vc_empty_space][vc_separator][vc_custom_heading text=&#8221;Vizyonumuz:&#8221; font_container=&#8221;tag:h2|text_align:center&#8221;][vc_column_text]<\/p>\n<p style=\"text-align: center;\"><span style=\"font-size: 14pt;\">Turizm hizmetlerimizi geli\u015ftirmeye y\u00f6nelik s\u00fcrekli \u00e7abam\u0131z ve taahh\u00fcd\u00fcm\u00fcz sayesinde istikrarl\u0131 bir b\u00fcy\u00fcme ve m\u00fckemmellik elde etmek.<\/span><\/p>\n<p style=\"text-align: center;\"><span style=\"font-size: 14pt;\">\u00c7al\u0131\u015fanlar\u0131m\u0131z\u0131n g\u00f6revlerini d\u00fczg\u00fcn bir \u015fekilde yerine getirme becerilerine inan\u0131yoruz<\/span><\/p>\n<p style=\"text-align: center;\"><span style=\"font-size: 14pt;\">En iyi ve en b\u00fcy\u00fck \u015firketlerden biri olmak i\u00e7in \u015firketin standard\u0131n\u0131 y\u00fckseltmeye \u00e7al\u0131\u015f\u0131yorlar<\/span><\/p>\n<p style=\"text-align: center;\"><span style=\"font-size: 14pt;\">turizm hizmetleri sa\u011flayan <\/span><span style=\"font-size: 14pt;\">T\u00fcrkiye&#8217;de ve d\u00fcnyada.<\/span><\/p>\n<p>[\/vc_column_text][vc_empty_space][vc_separator][vc_custom_heading text=&#8221;Bizim g\u00f6revimiz:&#8221; font_container=&#8221;tag:h2|text_align:center&#8221;][vc_column_text]<\/p>\n<p style=\"text-align: center;\"><span style=\"font-size: 14pt;\">Verimlili\u011fi, esnekli\u011fi korumak ve hizmetlerimizi profesyonelce sunarken ki\u015fisel dokunu\u015fumuzu eklemek<\/span><\/p>\n<p style=\"text-align: center;\"><span style=\"font-size: 14pt;\">Turizm hizmetleri d\u00fcnyas\u0131nda kullan\u0131lan en son teknolojilerden yararlanarak.<\/span><\/p>\n<p>[\/vc_column_text][vc_empty_space][vc_separator][vc_column_text]<\/p>\n<p style=\"text-align: center;\"><span style=\"font-size: 14pt; color: #000000;\"><strong>Sizin i\u00e7in \u00f6nemli olan herhangi bir ayr\u0131nt\u0131 hakk\u0131nda bilgi almak i\u00e7in bizimle ileti\u015fime ge\u00e7mekten \u00e7ekinmeyin<\/strong><\/span><\/p>\n<p>[\/vc_column_text][\/vc_column][\/vc_row][vc_row][vc_column width=&#8221;1\/4&#8243;][\/vc_column][vc_column width=&#8221;1\/2&#8243;][vc_row_inner][vc_column_inner width=&#8221;1\/4&#8243;][vc_icon icon_fontawesome=&#8221;fab fa-whatsapp&#8221; color=&#8221;green&#8221; size=&#8221;lg&#8221; align=&#8221;center&#8221; link=&#8221;url:https%3A%2F%2Fwa.me%2F905446088500|target:_blank&#8221;][\/vc_column_inner][vc_column_inner width=&#8221;1\/4&#8243;][vc_icon icon_fontawesome=&#8221;fab fa-facebook-square&#8221; size=&#8221;lg&#8221; align=&#8221;center&#8221; link=&#8221;url:https%3A%2F%2Fwww.facebook.com%2Fisrak_turizm-100811174854112%2F|target:_blank&#8221;][\/vc_column_inner][vc_column_inner width=&#8221;1\/4&#8243;][vc_icon icon_fontawesome=&#8221;fab fa-instagram&#8221; color=&#8221;sandy_brown&#8221; size=&#8221;lg&#8221; align=&#8221;center&#8221; link=&#8221;url:https%3A%2F%2Fwww.instagram.com%2Fisrak_turizm%2F|target:_blank&#8221;][\/vc_column_inner][vc_column_inner width=&#8221;1\/4&#8243;][vc_icon icon_fontawesome=&#8221;fas fa-map-marker-alt&#8221; color=&#8221;custom&#8221; size=&#8221;lg&#8221; align=&#8221;center&#8221; custom_color=&#8221;#ff0800&#8243; link=&#8221;url:https%3A%2F%2Fgoo.gl%2Fmaps%2FWqBf7JxMjheJr1va9|target:_blank&#8221;][\/vc_column_inner][\/vc_row_inner][\/vc_column][vc_column width=&#8221;1\/4&#8243;][\/vc_column][\/vc_row]<\/p>\n","protected":false},"excerpt":{"rendered":"<p>[vc_row][vc_column][vc_empty_space][vc_separator][vc_custom_heading text=&#8221;Biz Kimiz&#8221; font_container=&#8221;tag:h2|text_align:center&#8221;][vc_separator][vc_column_text] 2016 y\u0131l\u0131nda kurulan Eshraq, o tarihten bu yana \u00f6ncelikli olarak turizm hizmetleri sunmaya odaklanm\u0131\u015ft\u0131r. \u015eirket, uzmanl\u0131\u011f\u0131 sayesinde binlerce turiste hizmet sunabilmi\u015ftir Orta Do\u011fu \u201cdan Avrupa\u201d ya, Kanada \u201cdan Amerika\u201d ya d\u00fcnyan\u0131n her yerinden. &nbsp; Eshraq, eksiksiz bir \u00fcr\u00fcn yelpazesi sunan az say\u0131daki \u015firketten biridir. esnek ve verimli \u00e7\u00f6z\u00fcmler bulma yetene\u011fi sayesinde [&hellip;]<\/p>\n","protected":false},"author":2,"featured_media":0,"parent":0,"menu_order":0,"comment_status":"closed","ping_status":"closed","template":"","meta":{"footnotes":""},"class_list":["post-7075","page","type-page","status-publish","hentry"],"yoast_head":"<!-- This site is optimized with the Yoast SEO plugin v25.3.1 - https:\/\/yoast.com\/wordpress\/plugins\/seo\/ -->\n<title>Biz Kimiz - IshrakTayba<\/title>\n<meta name=\"description\" content=\"Size \u015firketimiz Eshraq Taiba Turizm hakk\u0131nda k\u0131sa bir genel bak\u0131\u015f sunuyoruz\" \/>\n<meta name=\"robots\" content=\"index, follow, max-snippet:-1, max-image-preview:large, max-video-preview:-1\" \/>\n<link rel=\"canonical\" href=\"https:\/\/www.israk-turizm.com\/tr\/biz-kimiz\/\" \/>\n<meta property=\"og:locale\" content=\"tr_TR\" \/>\n<meta property=\"og:type\" content=\"article\" \/>\n<meta property=\"og:title\" content=\"Biz Kimiz - IshrakTayba\" \/>\n<meta property=\"og:description\" content=\"Size \u015firketimiz Eshraq Taiba Turizm hakk\u0131nda k\u0131sa bir genel bak\u0131\u015f sunuyoruz\" \/>\n<meta property=\"og:url\" content=\"https:\/\/www.israk-turizm.com\/tr\/biz-kimiz\/\" \/>\n<meta property=\"og:site_name\" content=\"IshrakTayba\" \/>\n<meta name=\"twitter:card\" content=\"summary_large_image\" \/>\n<meta name=\"twitter:label1\" content=\"Tahmini okuma s\u00fcresi\" \/>\n\t<meta name=\"twitter:data1\" content=\"3 dakika\" \/>\n<script type=\"application\/ld+json\" class=\"yoast-schema-graph\">{\"@context\":\"https:\/\/schema.org\",\"@graph\":[{\"@type\":\"WebPage\",\"@id\":\"https:\/\/www.israk-turizm.com\/tr\/biz-kimiz\/\",\"url\":\"https:\/\/www.israk-turizm.com\/tr\/biz-kimiz\/\",\"name\":\"Biz Kimiz - IshrakTayba\",\"isPartOf\":{\"@id\":\"https:\/\/www.israk-turizm.com\/#website\"},\"datePublished\":\"2022-06-19T20:46:22+00:00\",\"description\":\"Size \u015firketimiz Eshraq Taiba Turizm hakk\u0131nda k\u0131sa bir genel bak\u0131\u015f sunuyoruz\",\"breadcrumb\":{\"@id\":\"https:\/\/www.israk-turizm.com\/tr\/biz-kimiz\/#breadcrumb\"},\"inLanguage\":\"tr\",\"potentialAction\":[{\"@type\":\"ReadAction\",\"target\":[\"https:\/\/www.israk-turizm.com\/tr\/biz-kimiz\/\"]}]},{\"@type\":\"BreadcrumbList\",\"@id\":\"https:\/\/www.israk-turizm.com\/tr\/biz-kimiz\/#breadcrumb\",\"itemListElement\":[{\"@type\":\"ListItem\",\"position\":1,\"name\":\"Home\",\"item\":\"https:\/\/www.israk-turizm.com\/\"},{\"@type\":\"ListItem\",\"position\":2,\"name\":\"Biz Kimiz\"}]},{\"@type\":\"WebSite\",\"@id\":\"https:\/\/www.israk-turizm.com\/#website\",\"url\":\"https:\/\/www.israk-turizm.com\/\",\"name\":\"IshrakTayba\",\"description\":\"Just another WordPress site\",\"publisher\":{\"@id\":\"https:\/\/www.israk-turizm.com\/#organization\"},\"potentialAction\":[{\"@type\":\"SearchAction\",\"target\":{\"@type\":\"EntryPoint\",\"urlTemplate\":\"https:\/\/www.israk-turizm.com\/?s={search_term_string}\"},\"query-input\":{\"@type\":\"PropertyValueSpecification\",\"valueRequired\":true,\"valueName\":\"search_term_string\"}}],\"inLanguage\":\"tr\"},{\"@type\":\"Organization\",\"@id\":\"https:\/\/www.israk-turizm.com\/#organization\",\"name\":\"IshrakTayba\",\"url\":\"https:\/\/www.israk-turizm.com\/\",\"logo\":{\"@type\":\"ImageObject\",\"inLanguage\":\"tr\",\"@id\":\"https:\/\/www.israk-turizm.com\/#\/schema\/logo\/image\/\",\"url\":\"https:\/\/www.israk-turizm.com\/wp-content\/uploads\/2022\/09\/cropped-rsz_logos-01.png\",\"contentUrl\":\"https:\/\/www.israk-turizm.com\/wp-content\/uploads\/2022\/09\/cropped-rsz_logos-01.png\",\"width\":220,\"height\":52,\"caption\":\"IshrakTayba\"},\"image\":{\"@id\":\"https:\/\/www.israk-turizm.com\/#\/schema\/logo\/image\/\"}}]}<\/script>\n<!-- \/ Yoast SEO plugin. -->","yoast_head_json":{"title":"Biz Kimiz - IshrakTayba","description":"Size \u015firketimiz Eshraq Taiba Turizm hakk\u0131nda k\u0131sa bir genel bak\u0131\u015f sunuyoruz","robots":{"index":"index","follow":"follow","max-snippet":"max-snippet:-1","max-image-preview":"max-image-preview:large","max-video-preview":"max-video-preview:-1"},"canonical":"https:\/\/www.israk-turizm.com\/tr\/biz-kimiz\/","og_locale":"tr_TR","og_type":"article","og_title":"Biz Kimiz - IshrakTayba","og_description":"Size \u015firketimiz Eshraq Taiba Turizm hakk\u0131nda k\u0131sa bir genel bak\u0131\u015f sunuyoruz","og_url":"https:\/\/www.israk-turizm.com\/tr\/biz-kimiz\/","og_site_name":"IshrakTayba","twitter_card":"summary_large_image","twitter_misc":{"Tahmini okuma s\u00fcresi":"3 dakika"},"schema":{"@context":"https:\/\/schema.org","@graph":[{"@type":"WebPage","@id":"https:\/\/www.israk-turizm.com\/tr\/biz-kimiz\/","url":"https:\/\/www.israk-turizm.com\/tr\/biz-kimiz\/","name":"Biz Kimiz - IshrakTayba","isPartOf":{"@id":"https:\/\/www.israk-turizm.com\/#website"},"datePublished":"2022-06-19T20:46:22+00:00","description":"Size \u015firketimiz Eshraq Taiba Turizm hakk\u0131nda k\u0131sa bir genel bak\u0131\u015f sunuyoruz","breadcrumb":{"@id":"https:\/\/www.israk-turizm.com\/tr\/biz-kimiz\/#breadcrumb"},"inLanguage":"tr","potentialAction":[{"@type":"ReadAction","target":["https:\/\/www.israk-turizm.com\/tr\/biz-kimiz\/"]}]},{"@type":"BreadcrumbList","@id":"https:\/\/www.israk-turizm.com\/tr\/biz-kimiz\/#breadcrumb","itemListElement":[{"@type":"ListItem","position":1,"name":"Home","item":"https:\/\/www.israk-turizm.com\/"},{"@type":"ListItem","position":2,"name":"Biz Kimiz"}]},{"@type":"WebSite","@id":"https:\/\/www.israk-turizm.com\/#website","url":"https:\/\/www.israk-turizm.com\/","name":"IshrakTayba","description":"Just another WordPress site","publisher":{"@id":"https:\/\/www.israk-turizm.com\/#organization"},"potentialAction":[{"@type":"SearchAction","target":{"@type":"EntryPoint","urlTemplate":"https:\/\/www.israk-turizm.com\/?s={search_term_string}"},"query-input":{"@type":"PropertyValueSpecification","valueRequired":true,"valueName":"search_term_string"}}],"inLanguage":"tr"},{"@type":"Organization","@id":"https:\/\/www.israk-turizm.com\/#organization","name":"IshrakTayba","url":"https:\/\/www.israk-turizm.com\/","logo":{"@type":"ImageObject","inLanguage":"tr","@id":"https:\/\/www.israk-turizm.com\/#\/schema\/logo\/image\/","url":"https:\/\/www.israk-turizm.com\/wp-content\/uploads\/2022\/09\/cropped-rsz_logos-01.png","contentUrl":"https:\/\/www.israk-turizm.com\/wp-content\/uploads\/2022\/09\/cropped-rsz_logos-01.png","width":220,"height":52,"caption":"IshrakTayba"},"image":{"@id":"https:\/\/www.israk-turizm.com\/#\/schema\/logo\/image\/"}}]}},"jetpack_sharing_enabled":true,"_links":{"self":[{"href":"https:\/\/www.israk-turizm.com\/tr\/wp-json\/wp\/v2\/pages\/7075","targetHints":{"allow":["GET"]}}],"collection":[{"href":"https:\/\/www.israk-turizm.com\/tr\/wp-json\/wp\/v2\/pages"}],"about":[{"href":"https:\/\/www.israk-turizm.com\/tr\/wp-json\/wp\/v2\/types\/page"}],"author":[{"embeddable":true,"href":"https:\/\/www.israk-turizm.com\/tr\/wp-json\/wp\/v2\/users\/2"}],"replies":[{"embeddable":true,"href":"https:\/\/www.israk-turizm.com\/tr\/wp-json\/wp\/v2\/comments?post=7075"}],"version-history":[{"count":0,"href":"https:\/\/www.israk-turizm.com\/tr\/wp-json\/wp\/v2\/pages\/7075\/revisions"}],"wp:attachment":[{"href":"https:\/\/www.israk-turizm.com\/tr\/wp-json\/wp\/v2\/media?parent=7075"}],"curies":[{"name":"wp","href":"https:\/\/api.w.org\/{rel}","templated":true}]}}