{"id":7594,"date":"2025-06-24T20:59:15","date_gmt":"2025-06-24T20:59:15","guid":{"rendered":"https:\/\/www.israk-turizm.com\/hastaneler\/"},"modified":"2025-07-03T19:25:09","modified_gmt":"2025-07-03T19:25:09","slug":"hastaneler","status":"publish","type":"page","link":"https:\/\/www.israk-turizm.com\/tr\/hastaneler\/","title":{"rendered":"Hastaneler"},"content":{"rendered":"<p>[vc_row full_width=&#8221;stretch_row_content_no_spaces&#8221; css=&#8221;.vc_custom_1551446567459{margin-bottom: -1px !important;background-color: #052951 !important;}&#8221;][vc_column css=&#8221;.vc_custom_1659714129977{padding-top: 0px !important;padding-right: 0px !important;padding-bottom: 0px !important;padding-left: 0px !important;border-radius: 25px !important;}&#8221;][vc_row_inner][vc_column_inner][vc_empty_space height=&#8221;50&#8243;][vc_custom_heading text=&#8221;Anla\u015fmal\u0131 oldu\u011fumuz sa\u011fl\u0131k kurulu\u015flar\u0131&#8221; font_container=&#8221;tag:h2|font_size:52px|text_align:center|color:%23ffffff|line_height:1&#8243;][vc_empty_space height=&#8221;20px&#8221;][\/vc_column_inner][\/vc_row_inner][vc_row_inner css=&#8221;.vc_custom_1750800047216{border-radius: 25px !\u0645\u0647\u0645;}&#8221;][vc_column_inner width=&#8221;1\/3&#8243;][vc_column_text]<\/p>\n<h3 style=\"text-align: center;\"><span style=\"color: #ffffff;\"><strong>Dent EFFECT &#8211; A\u011f\u0131z ve Di\u015f Sa\u011fl\u0131\u011f\u0131 Poliklini\u011fi<\/strong><\/span><\/h3>\n<p>[\/vc_column_text][vc_btn title=&#8221;A\u011f\u0131z ve Di\u015f Sa\u011fl\u0131\u011f\u0131 Poliklini\u011fi&#8221; color=&#8221;white&#8221; align=&#8221;center&#8221; link=&#8221;url:https%3A%2F%2Fwhiteandsmiles.com%2F|target:_blank&#8221;][\/vc_column_inner][vc_column_inner width=&#8221;1\/3&#8243;][vc_column_text]<\/p>\n<h4 style=\"text-align: center;\"><span style=\"color: #ffffff;\"><strong>Prof. Dr. ferit DEMIRKAN &#8211; Estetik,Plastik&amp;<\/strong><\/span><\/h4>\n<h4 style=\"text-align: center;\"><span style=\"color: #ffffff;\"><strong>Rekonstr\u00fcktif Cerrahi Uzman\u0131<\/strong><\/span><\/h4>\n<p>[\/vc_column_text][vc_btn title=&#8221;(feritdemirkan.com)&#8221; color=&#8221;white&#8221; align=&#8221;center&#8221;][\/vc_column_inner][vc_column_inner width=&#8221;1\/3&#8243; css=&#8221;.vc_custom_1750800201545{margin-right: 50px !important;border-right-width: 10px !important;padding-right: 10px !important;}&#8221;][vc_column_text]<\/p>\n<h3 style=\"text-align: center;\"><strong><span style=\"color: #ffffff;\">Gebze \u00c7apa di\u015f kilini\u011fi<\/span><\/strong><\/h3>\n<p>[\/vc_column_text][vc_btn title=&#8221;(gebzecapadis.com)&#8221; color=&#8221;white&#8221; align=&#8221;center&#8221; link=&#8221;url:https%3A%2F%2Fgebzecapadis.com%2Fen%2Fhome%2F|target:_blank&#8221;][\/vc_column_inner][\/vc_row_inner][\/vc_column][\/vc_row]<\/p>\n","protected":false},"excerpt":{"rendered":"<p>[vc_row full_width=&#8221;stretch_row_content_no_spaces&#8221; css=&#8221;.vc_custom_1551446567459{margin-bottom: -1px !important;background-color: #052951 !important;}&#8221;][vc_column css=&#8221;.vc_custom_1659714129977{padding-top: 0px !important;padding-right: 0px !important;padding-bottom: 0px !important;padding-left: 0px !important;border-radius: 25px !important;}&#8221;][vc_row_inner][vc_column_inner][vc_empty_space height=&#8221;50&#8243;][vc_custom_heading text=&#8221;Anla\u015fmal\u0131 oldu\u011fumuz sa\u011fl\u0131k kurulu\u015flar\u0131&#8221; font_container=&#8221;tag:h2|font_size:52px|text_align:center|color:%23ffffff|line_height:1&#8243;][vc_empty_space height=&#8221;20px&#8221;][\/vc_column_inner][\/vc_row_inner][vc_row_inner css=&#8221;.vc_custom_1750800047216{border-radius: 25px !\u0645\u0647\u0645;}&#8221;][vc_column_inner width=&#8221;1\/3&#8243;][vc_column_text] Dent EFFECT &#8211; A\u011f\u0131z ve Di\u015f Sa\u011fl\u0131\u011f\u0131 Poliklini\u011fi [\/vc_column_text][vc_btn title=&#8221;A\u011f\u0131z ve Di\u015f Sa\u011fl\u0131\u011f\u0131 Poliklini\u011fi&#8221; color=&#8221;white&#8221; align=&#8221;center&#8221; link=&#8221;url:https%3A%2F%2Fwhiteandsmiles.com%2F|target:_blank&#8221;][\/vc_column_inner][vc_column_inner width=&#8221;1\/3&#8243;][vc_column_text] Prof. Dr. ferit DEMIRKAN &#8211; Estetik,Plastik&amp; Rekonstr\u00fcktif Cerrahi [&hellip;]<\/p>\n","protected":false},"author":1,"featured_media":0,"parent":0,"menu_order":0,"comment_status":"closed","ping_status":"closed","template":"byt_home.php","meta":{"footnotes":""},"class_list":["post-7594","page","type-page","status-publish","hentry"],"yoast_head":"<!-- This site is optimized with the Yoast SEO plugin v25.3.1 - https:\/\/yoast.com\/wordpress\/plugins\/seo\/ -->\n<title>Hastaneler - IshrakTayba<\/title>\n<meta name=\"robots\" content=\"index, follow, max-snippet:-1, max-image-preview:large, max-video-preview:-1\" \/>\n<link rel=\"canonical\" href=\"https:\/\/www.israk-turizm.com\/\u0627\u0644\u0645\u0633\u062a\u0634\u0641\u064a\u0627\u062a\/\" \/>\n<meta property=\"og:locale\" content=\"tr_TR\" \/>\n<meta property=\"og:type\" content=\"article\" \/>\n<meta property=\"og:title\" content=\"Hastaneler - IshrakTayba\" \/>\n<meta property=\"og:description\" content=\"[vc_row full_width=&#8221;stretch_row_content_no_spaces&#8221; css=&#8221;.vc_custom_1551446567459{margin-bottom: -1px !important;background-color: #052951 !important;}&#8221;][vc_column css=&#8221;.vc_custom_1659714129977{padding-top: 0px !important;padding-right: 0px !important;padding-bottom: 0px !important;padding-left: 0px !important;border-radius: 25px !important;}&#8221;][vc_row_inner][vc_column_inner][vc_empty_space height=&#8221;50&#8243;][vc_custom_heading text=&#8221;Anla\u015fmal\u0131 oldu\u011fumuz sa\u011fl\u0131k kurulu\u015flar\u0131&#8221; font_container=&#8221;tag:h2|font_size:52px|text_align:center|color:%23ffffff|line_height:1&#8243;][vc_empty_space height=&#8221;20px&#8221;][\/vc_column_inner][\/vc_row_inner][vc_row_inner css=&#8221;.vc_custom_1750800047216{border-radius: 25px !\u0645\u0647\u0645;}&#8221;][vc_column_inner width=&#8221;1\/3&#8243;][vc_column_text] Dent EFFECT &#8211; A\u011f\u0131z ve Di\u015f Sa\u011fl\u0131\u011f\u0131 Poliklini\u011fi [\/vc_column_text][vc_btn title=&#8221;A\u011f\u0131z ve Di\u015f Sa\u011fl\u0131\u011f\u0131 Poliklini\u011fi&#8221; color=&#8221;white&#8221; align=&#8221;center&#8221; link=&#8221;url:https%3A%2F%2Fwhiteandsmiles.com%2F|target:_blank&#8221;][\/vc_column_inner][vc_column_inner width=&#8221;1\/3&#8243;][vc_column_text] Prof. Dr. ferit DEMIRKAN &#8211; Estetik,Plastik&amp; Rekonstr\u00fcktif Cerrahi [&hellip;]\" \/>\n<meta property=\"og:url\" content=\"https:\/\/www.israk-turizm.com\/\u0627\u0644\u0645\u0633\u062a\u0634\u0641\u064a\u0627\u062a\/\" \/>\n<meta property=\"og:site_name\" content=\"IshrakTayba\" \/>\n<meta property=\"article:modified_time\" content=\"2025-07-03T19:25:09+00:00\" \/>\n<meta name=\"twitter:card\" content=\"summary_large_image\" \/>\n<meta name=\"twitter:label1\" content=\"Tahmini okuma s\u00fcresi\" \/>\n\t<meta name=\"twitter:data1\" content=\"1 dakika\" \/>\n<script type=\"application\/ld+json\" class=\"yoast-schema-graph\">{\"@context\":\"https:\/\/schema.org\",\"@graph\":[{\"@type\":\"WebPage\",\"@id\":\"https:\/\/www.israk-turizm.com\/%d8%a7%d9%84%d9%85%d8%b3%d8%aa%d8%b4%d9%81%d9%8a%d8%a7%d8%aa\/\",\"url\":\"https:\/\/www.israk-turizm.com\/%d8%a7%d9%84%d9%85%d8%b3%d8%aa%d8%b4%d9%81%d9%8a%d8%a7%d8%aa\/\",\"name\":\"Hastaneler - IshrakTayba\",\"isPartOf\":{\"@id\":\"https:\/\/www.israk-turizm.com\/#website\"},\"datePublished\":\"2025-06-24T20:59:15+00:00\",\"dateModified\":\"2025-07-03T19:25:09+00:00\",\"breadcrumb\":{\"@id\":\"https:\/\/www.israk-turizm.com\/%d8%a7%d9%84%d9%85%d8%b3%d8%aa%d8%b4%d9%81%d9%8a%d8%a7%d8%aa\/#breadcrumb\"},\"inLanguage\":\"tr\",\"potentialAction\":[{\"@type\":\"ReadAction\",\"target\":[\"https:\/\/www.israk-turizm.com\/%d8%a7%d9%84%d9%85%d8%b3%d8%aa%d8%b4%d9%81%d9%8a%d8%a7%d8%aa\/\"]}]},{\"@type\":\"BreadcrumbList\",\"@id\":\"https:\/\/www.israk-turizm.com\/%d8%a7%d9%84%d9%85%d8%b3%d8%aa%d8%b4%d9%81%d9%8a%d8%a7%d8%aa\/#breadcrumb\",\"itemListElement\":[{\"@type\":\"ListItem\",\"position\":1,\"name\":\"Home\",\"item\":\"https:\/\/www.israk-turizm.com\/\"},{\"@type\":\"ListItem\",\"position\":2,\"name\":\"Hastaneler\"}]},{\"@type\":\"WebSite\",\"@id\":\"https:\/\/www.israk-turizm.com\/#website\",\"url\":\"https:\/\/www.israk-turizm.com\/\",\"name\":\"IshrakTayba\",\"description\":\"Just another WordPress site\",\"publisher\":{\"@id\":\"https:\/\/www.israk-turizm.com\/#organization\"},\"potentialAction\":[{\"@type\":\"SearchAction\",\"target\":{\"@type\":\"EntryPoint\",\"urlTemplate\":\"https:\/\/www.israk-turizm.com\/?s={search_term_string}\"},\"query-input\":{\"@type\":\"PropertyValueSpecification\",\"valueRequired\":true,\"valueName\":\"search_term_string\"}}],\"inLanguage\":\"tr\"},{\"@type\":\"Organization\",\"@id\":\"https:\/\/www.israk-turizm.com\/#organization\",\"name\":\"IshrakTayba\",\"url\":\"https:\/\/www.israk-turizm.com\/\",\"logo\":{\"@type\":\"ImageObject\",\"inLanguage\":\"tr\",\"@id\":\"https:\/\/www.israk-turizm.com\/#\/schema\/logo\/image\/\",\"url\":\"https:\/\/www.israk-turizm.com\/wp-content\/uploads\/2022\/09\/cropped-rsz_logos-01.png\",\"contentUrl\":\"https:\/\/www.israk-turizm.com\/wp-content\/uploads\/2022\/09\/cropped-rsz_logos-01.png\",\"width\":220,\"height\":52,\"caption\":\"IshrakTayba\"},\"image\":{\"@id\":\"https:\/\/www.israk-turizm.com\/#\/schema\/logo\/image\/\"}}]}<\/script>\n<!-- \/ Yoast SEO plugin. -->","yoast_head_json":{"title":"Hastaneler - IshrakTayba","robots":{"index":"index","follow":"follow","max-snippet":"max-snippet:-1","max-image-preview":"max-image-preview:large","max-video-preview":"max-video-preview:-1"},"canonical":"https:\/\/www.israk-turizm.com\/\u0627\u0644\u0645\u0633\u062a\u0634\u0641\u064a\u0627\u062a\/","og_locale":"tr_TR","og_type":"article","og_title":"Hastaneler - IshrakTayba","og_description":"[vc_row full_width=&#8221;stretch_row_content_no_spaces&#8221; css=&#8221;.vc_custom_1551446567459{margin-bottom: -1px !important;background-color: #052951 !important;}&#8221;][vc_column css=&#8221;.vc_custom_1659714129977{padding-top: 0px !important;padding-right: 0px !important;padding-bottom: 0px !important;padding-left: 0px !important;border-radius: 25px !important;}&#8221;][vc_row_inner][vc_column_inner][vc_empty_space height=&#8221;50&#8243;][vc_custom_heading text=&#8221;Anla\u015fmal\u0131 oldu\u011fumuz sa\u011fl\u0131k kurulu\u015flar\u0131&#8221; font_container=&#8221;tag:h2|font_size:52px|text_align:center|color:%23ffffff|line_height:1&#8243;][vc_empty_space height=&#8221;20px&#8221;][\/vc_column_inner][\/vc_row_inner][vc_row_inner css=&#8221;.vc_custom_1750800047216{border-radius: 25px !\u0645\u0647\u0645;}&#8221;][vc_column_inner width=&#8221;1\/3&#8243;][vc_column_text] Dent EFFECT &#8211; A\u011f\u0131z ve Di\u015f Sa\u011fl\u0131\u011f\u0131 Poliklini\u011fi [\/vc_column_text][vc_btn title=&#8221;A\u011f\u0131z ve Di\u015f Sa\u011fl\u0131\u011f\u0131 Poliklini\u011fi&#8221; color=&#8221;white&#8221; align=&#8221;center&#8221; link=&#8221;url:https%3A%2F%2Fwhiteandsmiles.com%2F|target:_blank&#8221;][\/vc_column_inner][vc_column_inner width=&#8221;1\/3&#8243;][vc_column_text] Prof. Dr. ferit DEMIRKAN &#8211; Estetik,Plastik&amp; Rekonstr\u00fcktif Cerrahi [&hellip;]","og_url":"https:\/\/www.israk-turizm.com\/\u0627\u0644\u0645\u0633\u062a\u0634\u0641\u064a\u0627\u062a\/","og_site_name":"IshrakTayba","article_modified_time":"2025-07-03T19:25:09+00:00","twitter_card":"summary_large_image","twitter_misc":{"Tahmini okuma s\u00fcresi":"1 dakika"},"schema":{"@context":"https:\/\/schema.org","@graph":[{"@type":"WebPage","@id":"https:\/\/www.israk-turizm.com\/%d8%a7%d9%84%d9%85%d8%b3%d8%aa%d8%b4%d9%81%d9%8a%d8%a7%d8%aa\/","url":"https:\/\/www.israk-turizm.com\/%d8%a7%d9%84%d9%85%d8%b3%d8%aa%d8%b4%d9%81%d9%8a%d8%a7%d8%aa\/","name":"Hastaneler - IshrakTayba","isPartOf":{"@id":"https:\/\/www.israk-turizm.com\/#website"},"datePublished":"2025-06-24T20:59:15+00:00","dateModified":"2025-07-03T19:25:09+00:00","breadcrumb":{"@id":"https:\/\/www.israk-turizm.com\/%d8%a7%d9%84%d9%85%d8%b3%d8%aa%d8%b4%d9%81%d9%8a%d8%a7%d8%aa\/#breadcrumb"},"inLanguage":"tr","potentialAction":[{"@type":"ReadAction","target":["https:\/\/www.israk-turizm.com\/%d8%a7%d9%84%d9%85%d8%b3%d8%aa%d8%b4%d9%81%d9%8a%d8%a7%d8%aa\/"]}]},{"@type":"BreadcrumbList","@id":"https:\/\/www.israk-turizm.com\/%d8%a7%d9%84%d9%85%d8%b3%d8%aa%d8%b4%d9%81%d9%8a%d8%a7%d8%aa\/#breadcrumb","itemListElement":[{"@type":"ListItem","position":1,"name":"Home","item":"https:\/\/www.israk-turizm.com\/"},{"@type":"ListItem","position":2,"name":"Hastaneler"}]},{"@type":"WebSite","@id":"https:\/\/www.israk-turizm.com\/#website","url":"https:\/\/www.israk-turizm.com\/","name":"IshrakTayba","description":"Just another WordPress site","publisher":{"@id":"https:\/\/www.israk-turizm.com\/#organization"},"potentialAction":[{"@type":"SearchAction","target":{"@type":"EntryPoint","urlTemplate":"https:\/\/www.israk-turizm.com\/?s={search_term_string}"},"query-input":{"@type":"PropertyValueSpecification","valueRequired":true,"valueName":"search_term_string"}}],"inLanguage":"tr"},{"@type":"Organization","@id":"https:\/\/www.israk-turizm.com\/#organization","name":"IshrakTayba","url":"https:\/\/www.israk-turizm.com\/","logo":{"@type":"ImageObject","inLanguage":"tr","@id":"https:\/\/www.israk-turizm.com\/#\/schema\/logo\/image\/","url":"https:\/\/www.israk-turizm.com\/wp-content\/uploads\/2022\/09\/cropped-rsz_logos-01.png","contentUrl":"https:\/\/www.israk-turizm.com\/wp-content\/uploads\/2022\/09\/cropped-rsz_logos-01.png","width":220,"height":52,"caption":"IshrakTayba"},"image":{"@id":"https:\/\/www.israk-turizm.com\/#\/schema\/logo\/image\/"}}]}},"jetpack_sharing_enabled":true,"_links":{"self":[{"href":"https:\/\/www.israk-turizm.com\/tr\/wp-json\/wp\/v2\/pages\/7594","targetHints":{"allow":["GET"]}}],"collection":[{"href":"https:\/\/www.israk-turizm.com\/tr\/wp-json\/wp\/v2\/pages"}],"about":[{"href":"https:\/\/www.israk-turizm.com\/tr\/wp-json\/wp\/v2\/types\/page"}],"author":[{"embeddable":true,"href":"https:\/\/www.israk-turizm.com\/tr\/wp-json\/wp\/v2\/users\/1"}],"replies":[{"embeddable":true,"href":"https:\/\/www.israk-turizm.com\/tr\/wp-json\/wp\/v2\/comments?post=7594"}],"version-history":[{"count":16,"href":"https:\/\/www.israk-turizm.com\/tr\/wp-json\/wp\/v2\/pages\/7594\/revisions"}],"predecessor-version":[{"id":7709,"href":"https:\/\/www.israk-turizm.com\/tr\/wp-json\/wp\/v2\/pages\/7594\/revisions\/7709"}],"wp:attachment":[{"href":"https:\/\/www.israk-turizm.com\/tr\/wp-json\/wp\/v2\/media?parent=7594"}],"curies":[{"name":"wp","href":"https:\/\/api.w.org\/{rel}","templated":true}]}}